{"id":1524,"date":"2019-12-09T10:50:31","date_gmt":"2019-12-09T08:50:31","guid":{"rendered":"http:\/\/ventilatsiooniseade.ee\/?post_type=product&#038;p=1524"},"modified":"2020-10-22T11:06:23","modified_gmt":"2020-10-22T08:06:23","slug":"vents-vutr-1200-eh-ec","status":"publish","type":"product","link":"https:\/\/ventilatsiooniseade.ee\/?product=vents-vutr-1200-eh-ec","title":{"rendered":"VUT R 1200 EH EC A17"},"content":{"rendered":"<p>Seadme m\u00f5\u00f5dud:<\/p>\n<p><a href=\"https:\/\/ventilatsiooniseade.ee\/wp-content\/uploads\/2019\/12\/1200eh.png\"><img loading=\"lazy\" decoding=\"async\" class=\"alignnone size-full wp-image-4433\" src=\"https:\/\/ventilatsiooniseade.ee\/wp-content\/uploads\/2019\/12\/1200eh.png\" alt=\"1200eh\" width=\"979\" height=\"408\" srcset=\"https:\/\/ventilatsiooniseade.ee\/wp-content\/uploads\/2019\/12\/1200eh.png 979w, https:\/\/ventilatsiooniseade.ee\/wp-content\/uploads\/2019\/12\/1200eh-470x196.png 470w, https:\/\/ventilatsiooniseade.ee\/wp-content\/uploads\/2019\/12\/1200eh-300x125.png 300w, https:\/\/ventilatsiooniseade.ee\/wp-content\/uploads\/2019\/12\/1200eh-768x320.png 768w, https:\/\/ventilatsiooniseade.ee\/wp-content\/uploads\/2019\/12\/1200eh-80x33.png 80w\" sizes=\"auto, (max-width: 979px) 100vw, 979px\" \/><\/a><\/p>\n<p>Seadme tehnilised n\u00e4itajad:<\/p>\n<table width=\"319\">\n<tbody>\n<tr>\n<td width=\"135\">Parameeter<\/td>\n<td width=\"103\">VUTR 1200 EH EC<\/td>\n<td width=\"81\">M\u00f5\u00f5t\u00fchik<\/td>\n<\/tr>\n<tr>\n<td width=\"135\" data-label=\"Parameter\">Sagedus<\/td>\n<td width=\"103\" data-label=\"VUTR 2000 EH EC - \">50\/60<\/td>\n<td width=\"81\" data-label=\"Measurement unit\">Hz<\/td>\n<\/tr>\n<tr>\n<td width=\"135\" data-label=\"Parameter\">Faas<\/td>\n<td width=\"103\" data-label=\"VUTR 2000 EH EC - \">3<\/td>\n<td width=\"81\" data-label=\"Measurement unit\">\u02dc<\/td>\n<\/tr>\n<tr>\n<td width=\"135\" data-label=\"Parameter\">Pinge<\/td>\n<td width=\"103\" data-label=\"VUTR 2000 EH EC - \">400<\/td>\n<td width=\"81\" data-label=\"Measurement unit\">V<\/td>\n<\/tr>\n<tr>\n<td width=\"135\" data-label=\"Parameter\">Maksimaalne ventilaatori v\u00f5imsus<\/td>\n<td width=\"103\" data-label=\"VUTR 2000 EH EC - \">2 x 202<\/td>\n<td width=\"81\" data-label=\"Measurement unit\">W<\/td>\n<\/tr>\n<tr>\n<td width=\"135\" data-label=\"Parameter\">Elektrilise k\u00fcttekeha v\u00f5imsus<\/td>\n<td width=\"103\" data-label=\"VUTR 2000 EH EC - \">6000<\/td>\n<td width=\"81\" data-label=\"Measurement unit\">W<\/td>\n<\/tr>\n<tr>\n<td width=\"135\" data-label=\"Parameter\">Helir\u00f5hutase 3m kaugusel<\/td>\n<td width=\"103\" data-label=\"VUTR 2000 EH EC - \">60<\/td>\n<td width=\"81\" data-label=\"Measurement unit\">dB\u0410<\/td>\n<\/tr>\n<tr>\n<td width=\"135\" data-label=\"Parameter\">Seadme koguv\u00f5imsus<\/td>\n<td width=\"103\" data-label=\"VUTR 2000 EH EC - \">6570<\/td>\n<td width=\"81\" data-label=\"Measurement unit\">W<\/td>\n<\/tr>\n<tr>\n<td width=\"135\" data-label=\"Parameter\">Seadme koguvool<\/td>\n<td width=\"103\" data-label=\"VUTR 2000 EH EC - \">9.5<\/td>\n<td width=\"81\" data-label=\"Measurement unit\">A<\/td>\n<\/tr>\n<tr>\n<td width=\"135\" data-label=\"Parameter\">Maksimaalne \u00f5hu l\u00e4bilaskev\u00f5ime<\/td>\n<td width=\"103\" data-label=\"VUTR 2000 EH EC - \">1200<\/td>\n<td width=\"81\" data-label=\"Measurement unit\">m\u00b3\/h<\/td>\n<\/tr>\n<tr>\n<td width=\"135\" data-label=\"Parameter\">RPM<\/td>\n<td width=\"103\" data-label=\"VUTR 2000 EH EC - \">1930<\/td>\n<td width=\"81\" data-label=\"Measurement unit\">min<sup>-1<\/sup><\/td>\n<\/tr>\n<tr>\n<td width=\"135\" data-label=\"Parameter\">Soojustagastuse efektiivsus<\/td>\n<td width=\"103\" data-label=\"VUTR 2000 EH EC - \">73\u202695<\/td>\n<td width=\"81\" data-label=\"Measurement unit\">%<\/td>\n<\/tr>\n<tr>\n<td width=\"135\" data-label=\"Parameter\">Transporditava \u00f5hu temperatuur<\/td>\n<td width=\"103\" data-label=\"VUTR 2000 EH EC - \">-25 &#8230; +40<\/td>\n<td width=\"81\" data-label=\"Measurement unit\">\u00b0\u0421<\/td>\n<\/tr>\n<tr>\n<td width=\"135\" data-label=\"Parameter\">Korpuse materjal<\/td>\n<td width=\"103\" data-label=\"VUTR 2000 EH EC - \">aluzinc<\/td>\n<td width=\"81\" data-label=\"Measurement unit\">&#8211;<\/td>\n<\/tr>\n<tr>\n<td width=\"135\" data-label=\"Parameter\">Isolatsioon<\/td>\n<td width=\"103\" data-label=\"VUTR 2000 EH EC - \">20 mm mineraalvill<\/td>\n<td width=\"81\" data-label=\"Measurement unit\">&#8211;<\/td>\n<\/tr>\n<tr>\n<td width=\"135\" data-label=\"Parameter\">Filter: v\u00e4lja<\/td>\n<td width=\"103\" data-label=\"VUTR 2000 EH EC - \">G4<\/td>\n<td width=\"81\" data-label=\"Measurement unit\">&#8211;<\/td>\n<\/tr>\n<tr>\n<td width=\"135\" data-label=\"Parameter\">Filter: sisse<\/td>\n<td width=\"103\" data-label=\"VUTR 2000 EH EC - \">G4<\/td>\n<td width=\"81\" data-label=\"Measurement unit\">&#8211;<\/td>\n<\/tr>\n<tr>\n<td width=\"135\" data-label=\"Parameter\">\u00dchendatud toru l\u00e4bim\u00f5\u00f5t<\/td>\n<td width=\"103\" data-label=\"VUTR 2000 EH EC - \">315<\/td>\n<td width=\"81\" data-label=\"Measurement unit\">mm<\/td>\n<\/tr>\n<tr>\n<td width=\"135\" data-label=\"Parameter\">Kaal<\/td>\n<td width=\"103\" data-label=\"VUTR 2000 EH EC - \">165<\/td>\n<td width=\"81\" data-label=\"Measurement unit\">kg<\/td>\n<\/tr>\n<tr>\n<td width=\"135\" data-label=\"Parameter\">Soojusvaheti t\u00fc\u00fcp<\/td>\n<td width=\"103\" data-label=\"VUTR 2000 EH EC - \">rotary<\/td>\n<td width=\"81\" data-label=\"Measurement unit\">&#8211;<\/td>\n<\/tr>\n<tr>\n<td width=\"135\" data-label=\"Parameter\">Soojusvaheti materja<\/td>\n<td width=\"103\" data-label=\"VUTR 2000 EH EC - \">alumiinium<\/td>\n<td width=\"81\" data-label=\"Measurement unit\">&#8211;<\/td>\n<\/tr>\n<\/tbody>\n<\/table>\n<p>&nbsp;<\/p>\n<p>Alloleval pildil on \u00e4ra toodud \u00fcks v\u00f5imalikest toote kasutamise v\u00f5imalustest.<\/p>\n<p><a href=\"https:\/\/ventilatsiooniseade.ee\/wp-content\/uploads\/2019\/12\/VUTR-EH-WH-EC-application-700-en-3.png\"><img loading=\"lazy\" decoding=\"async\" class=\"alignnone size-full wp-image-1527\" src=\"https:\/\/ventilatsiooniseade.ee\/wp-content\/uploads\/2019\/12\/VUTR-EH-WH-EC-application-700-en-3.png\" alt=\"VUTR-EH-WH-EC-application-700-en\" width=\"700\" height=\"678\" srcset=\"https:\/\/ventilatsiooniseade.ee\/wp-content\/uploads\/2019\/12\/VUTR-EH-WH-EC-application-700-en-3.png 700w, https:\/\/ventilatsiooniseade.ee\/wp-content\/uploads\/2019\/12\/VUTR-EH-WH-EC-application-700-en-3-470x455.png 470w, https:\/\/ventilatsiooniseade.ee\/wp-content\/uploads\/2019\/12\/VUTR-EH-WH-EC-application-700-en-3-300x291.png 300w, https:\/\/ventilatsiooniseade.ee\/wp-content\/uploads\/2019\/12\/VUTR-EH-WH-EC-application-700-en-3-80x77.png 80w\" sizes=\"auto, (max-width: 700px) 100vw, 700px\" \/><\/a><\/p>\n<p>Selle seadmega komplektis <strong>juhtpult A17<\/strong>.<\/p>\n<p><a href=\"https:\/\/ventilatsiooniseade.ee\/wp-content\/uploads\/2019\/12\/A17-1.png\"><img loading=\"lazy\" decoding=\"async\" class=\"alignnone size-full wp-image-1835\" src=\"https:\/\/ventilatsiooniseade.ee\/wp-content\/uploads\/2019\/12\/A17-1.png\" alt=\"A17\" width=\"200\" height=\"200\" srcset=\"https:\/\/ventilatsiooniseade.ee\/wp-content\/uploads\/2019\/12\/A17-1.png 200w, https:\/\/ventilatsiooniseade.ee\/wp-content\/uploads\/2019\/12\/A17-1-195x195.png 195w, https:\/\/ventilatsiooniseade.ee\/wp-content\/uploads\/2019\/12\/A17-1-100x100.png 100w, https:\/\/ventilatsiooniseade.ee\/wp-content\/uploads\/2019\/12\/A17-1-150x150.png 150w, https:\/\/ventilatsiooniseade.ee\/wp-content\/uploads\/2019\/12\/A17-1-80x80.png 80w\" sizes=\"auto, (max-width: 200px) 100vw, 200px\" \/><\/a><\/p>\n<p>Juhtpuldi funktsioonid:<\/p>\n<p>kiiruse reguleerimine<br \/>\nfiltri vahetuse m\u00e4rguanne<br \/>\nveateade<br \/>\ntaimer<\/p>\n<p>Pakume veel sama sarja j\u00e4rgmisi mudeleid:<\/p>\n<p>Vents VUT R 400 EH EC, Vents VUT R 700 EH EC, Vents VUT R 900 EH EC,<\/p>\n<p>Venst VUT R 1500 EH EC, Vents VUT R 2000 EH EC. (<a href=\"https:\/\/ventilatsiooniseade.ee\/?page_id=27\" target=\"_blank\"><strong><span style=\"color: #ff0000;\">k\u00fcsi meilt lisainfot<\/span><\/strong><\/a>)<\/p>\n","protected":false},"excerpt":{"rendered":"<p><strong>Elektrik\u00fcttekehaga<\/strong> soojus- ja heliisolatsiooniga korpusega ventilatsiooniseade.<\/p>\n<p>Tootlikus 1150m\u00b3\/h@100Pa.<\/p>\n<p>Graafiku toolikuse kohta leiad <a href=\"https:\/\/ventilation-system.com\/product\/vut-r-1200-eh-ec#sheet\" target=\"_blank\"><strong><span style=\"color: #ff0000;\">siit<\/span><\/strong><\/a>.<\/p>\n<p>Soojuse taaskasutuse efektiivsus kuni 95%.<\/p>\n","protected":false},"featured_media":1525,"comment_status":"closed","ping_status":"closed","template":"","meta":[],"product_brand":[],"product_cat":[13,17,41],"product_tag":[],"class_list":{"0":"post-1524","1":"product","2":"type-product","3":"status-publish","4":"has-post-thumbnail","6":"product_cat-ventilatsiooniseadmed","7":"product_cat-soojustagastusega-ventilatsiooniseadmed","8":"product_cat-riputatavad-seadmed","10":"first","11":"instock","12":"shipping-taxable","13":"purchasable","14":"product-type-simple"},"_links":{"self":[{"href":"https:\/\/ventilatsiooniseade.ee\/index.php?rest_route=\/wp\/v2\/product\/1524","targetHints":{"allow":["GET"]}}],"collection":[{"href":"https:\/\/ventilatsiooniseade.ee\/index.php?rest_route=\/wp\/v2\/product"}],"about":[{"href":"https:\/\/ventilatsiooniseade.ee\/index.php?rest_route=\/wp\/v2\/types\/product"}],"replies":[{"embeddable":true,"href":"https:\/\/ventilatsiooniseade.ee\/index.php?rest_route=%2Fwp%2Fv2%2Fcomments&post=1524"}],"wp:featuredmedia":[{"embeddable":true,"href":"https:\/\/ventilatsiooniseade.ee\/index.php?rest_route=\/wp\/v2\/media\/1525"}],"wp:attachment":[{"href":"https:\/\/ventilatsiooniseade.ee\/index.php?rest_route=%2Fwp%2Fv2%2Fmedia&parent=1524"}],"wp:term":[{"taxonomy":"product_brand","embeddable":true,"href":"https:\/\/ventilatsiooniseade.ee\/index.php?rest_route=%2Fwp%2Fv2%2Fproduct_brand&post=1524"},{"taxonomy":"product_cat","embeddable":true,"href":"https:\/\/ventilatsiooniseade.ee\/index.php?rest_route=%2Fwp%2Fv2%2Fproduct_cat&post=1524"},{"taxonomy":"product_tag","embeddable":true,"href":"https:\/\/ventilatsiooniseade.ee\/index.php?rest_route=%2Fwp%2Fv2%2Fproduct_tag&post=1524"}],"curies":[{"name":"wp","href":"https:\/\/api.w.org\/{rel}","templated":true}]}}