{"id":1490,"date":"2022-09-08T13:00:09","date_gmt":"2022-09-08T10:00:09","guid":{"rendered":"http:\/\/ventilatsiooniseade.ee\/?post_type=product&#038;p=1490"},"modified":"2024-06-06T13:36:53","modified_gmt":"2024-06-06T10:36:53","slug":"vents-vue-350-p3","status":"publish","type":"product","link":"https:\/\/ventilatsiooniseade.ee\/?product=vents-vue-350-p3","title":{"rendered":"VUE 350 P3 A1"},"content":{"rendered":"<p>Alloleval pildil on v\u00e4lja todud \u00fcks v\u00f5imalikest toote kasutamise v\u00f5imalustest.<\/p>\n<p>T\u00e4psemat infot leiab <a href=\"https:\/\/ventilation-system.com\/product\/vue-350-p3#description\" target=\"_blank\"><span style=\"color: #ff0000;\"><strong>siit<\/strong><\/span><\/a>.<\/p>\n<p><a href=\"https:\/\/ventilatsiooniseade.ee\/wp-content\/uploads\/2019\/12\/VUE-P3-application-1.png\"><img loading=\"lazy\" decoding=\"async\" class=\"alignnone size-full wp-image-1589\" src=\"https:\/\/ventilatsiooniseade.ee\/wp-content\/uploads\/2019\/12\/VUE-P3-application-1.png\" alt=\"VUE-P3-application\" width=\"900\" height=\"736\" srcset=\"https:\/\/ventilatsiooniseade.ee\/wp-content\/uploads\/2019\/12\/VUE-P3-application-1.png 900w, https:\/\/ventilatsiooniseade.ee\/wp-content\/uploads\/2019\/12\/VUE-P3-application-1-470x384.png 470w, https:\/\/ventilatsiooniseade.ee\/wp-content\/uploads\/2019\/12\/VUE-P3-application-1-300x245.png 300w, https:\/\/ventilatsiooniseade.ee\/wp-content\/uploads\/2019\/12\/VUE-P3-application-1-768x628.png 768w, https:\/\/ventilatsiooniseade.ee\/wp-content\/uploads\/2019\/12\/VUE-P3-application-1-80x65.png 80w\" sizes=\"auto, (max-width: 900px) 100vw, 900px\" \/><\/a><\/p>\n<p>Seadme komplekti kuulub juhtpult A1.<\/p>\n<p><a href=\"https:\/\/ventilatsiooniseade.ee\/wp-content\/uploads\/2019\/12\/A1.png\"><img loading=\"lazy\" decoding=\"async\" class=\"alignnone size-full wp-image-1818\" src=\"https:\/\/ventilatsiooniseade.ee\/wp-content\/uploads\/2019\/12\/A1.png\" alt=\"A1\" width=\"289\" height=\"289\" srcset=\"https:\/\/ventilatsiooniseade.ee\/wp-content\/uploads\/2019\/12\/A1.png 289w, https:\/\/ventilatsiooniseade.ee\/wp-content\/uploads\/2019\/12\/A1-195x195.png 195w, https:\/\/ventilatsiooniseade.ee\/wp-content\/uploads\/2019\/12\/A1-100x100.png 100w, https:\/\/ventilatsiooniseade.ee\/wp-content\/uploads\/2019\/12\/A1-150x150.png 150w, https:\/\/ventilatsiooniseade.ee\/wp-content\/uploads\/2019\/12\/A1-80x80.png 80w\" sizes=\"auto, (max-width: 289px) 100vw, 289px\" \/><\/a><\/p>\n<p>Funktsioonid:<\/p>\n<ul>\n<li>Sisse- ja v\u00e4ljal\u00fclitamiseks<\/li>\n<li>Kiiruse reguleerimiseks<\/li>\n<li>1 puldiga saab juhtida s\u00fcnkroonselt mitut ventilaatorit\u00a0 juhul, kui nende koguvool ei \u00fclete regulaatori\/puldi maksimaalset lubatut v\u00e4\u00e4rtust.<\/li>\n<\/ul>\n<p>&nbsp;<\/p>\n","protected":false},"excerpt":{"rendered":"<p>Soojus- ja niiskustagastusega ventilatsiooniseade lakke paigaldamiseks. Horisontaalsete toru\u00fchendustega.<br \/>\nVentilaatorid asuvad kahe entalpia soojusvaheti vahel, mis teeb seadme vaiksemaks omataoliste seas.<br \/>\nKasutuskoht: Kontori, eramu v\u00f5i korteri ventilatsiooni v\u00e4ljaehitamine. Sobib h\u00e4sti korteri v\u00f5i moodulmaja vannitoa lakke paigalduseks.<\/p>\n<p>Tootlikkus kuni 350 m3\/h @ 100 Pa.(<a href=\"https:\/\/ventilation-system.com\/product\/vue-350-p3#sheet\" target=\"_blank\"><strong><span style=\"color: #ff0000;\">t\u00e4psem graafik siin<\/span><\/strong><\/a>).<\/p>\n<p>&nbsp;<\/p>\n","protected":false},"featured_media":1409,"comment_status":"closed","ping_status":"closed","template":"","meta":[],"product_brand":[],"product_cat":[13,17,41],"product_tag":[],"class_list":{"0":"post-1490","1":"product","2":"type-product","3":"status-publish","4":"has-post-thumbnail","6":"product_cat-ventilatsiooniseadmed","7":"product_cat-soojustagastusega-ventilatsiooniseadmed","8":"product_cat-riputatavad-seadmed","10":"first","11":"instock","12":"shipping-taxable","13":"purchasable","14":"product-type-simple"},"_links":{"self":[{"href":"https:\/\/ventilatsiooniseade.ee\/index.php?rest_route=\/wp\/v2\/product\/1490","targetHints":{"allow":["GET"]}}],"collection":[{"href":"https:\/\/ventilatsiooniseade.ee\/index.php?rest_route=\/wp\/v2\/product"}],"about":[{"href":"https:\/\/ventilatsiooniseade.ee\/index.php?rest_route=\/wp\/v2\/types\/product"}],"replies":[{"embeddable":true,"href":"https:\/\/ventilatsiooniseade.ee\/index.php?rest_route=%2Fwp%2Fv2%2Fcomments&post=1490"}],"wp:featuredmedia":[{"embeddable":true,"href":"https:\/\/ventilatsiooniseade.ee\/index.php?rest_route=\/wp\/v2\/media\/1409"}],"wp:attachment":[{"href":"https:\/\/ventilatsiooniseade.ee\/index.php?rest_route=%2Fwp%2Fv2%2Fmedia&parent=1490"}],"wp:term":[{"taxonomy":"product_brand","embeddable":true,"href":"https:\/\/ventilatsiooniseade.ee\/index.php?rest_route=%2Fwp%2Fv2%2Fproduct_brand&post=1490"},{"taxonomy":"product_cat","embeddable":true,"href":"https:\/\/ventilatsiooniseade.ee\/index.php?rest_route=%2Fwp%2Fv2%2Fproduct_cat&post=1490"},{"taxonomy":"product_tag","embeddable":true,"href":"https:\/\/ventilatsiooniseade.ee\/index.php?rest_route=%2Fwp%2Fv2%2Fproduct_tag&post=1490"}],"curies":[{"name":"wp","href":"https:\/\/api.w.org\/{rel}","templated":true}]}}