{"id":1487,"date":"2026-04-22T09:30:37","date_gmt":"2026-04-22T06:30:37","guid":{"rendered":"http:\/\/ventilatsiooniseade.ee\/?post_type=product&#038;p=1487"},"modified":"2026-04-22T19:34:48","modified_gmt":"2026-04-22T16:34:48","slug":"vents-vue-250-p3","status":"publish","type":"product","link":"https:\/\/ventilatsiooniseade.ee\/?product=vents-vue-250-p3","title":{"rendered":"VUE 250 P3 L\/R A1"},"content":{"rendered":"<p><strong>Seadme m\u00f5\u00f5dud:<\/strong><\/p>\n<p><a href=\"https:\/\/ventilatsiooniseade.ee\/wp-content\/uploads\/2025\/02\/0961240001680848042.png\"><img loading=\"lazy\" decoding=\"async\" class=\"alignleft size-full wp-image-6073\" src=\"https:\/\/ventilatsiooniseade.ee\/wp-content\/uploads\/2025\/02\/0961240001680848042.png\" alt=\"0961240001680848042\" width=\"350\" height=\"251\" srcset=\"https:\/\/ventilatsiooniseade.ee\/wp-content\/uploads\/2025\/02\/0961240001680848042.png 350w, https:\/\/ventilatsiooniseade.ee\/wp-content\/uploads\/2025\/02\/0961240001680848042-300x215.png 300w, https:\/\/ventilatsiooniseade.ee\/wp-content\/uploads\/2025\/02\/0961240001680848042-80x57.png 80w\" sizes=\"auto, (max-width: 350px) 100vw, 350px\" \/><\/a><\/p>\n<p><a href=\"https:\/\/ventilatsiooniseade.ee\/wp-content\/uploads\/2025\/02\/VUE-250-P3-m\u00f5\u00f5dud.jpeg\"><img loading=\"lazy\" decoding=\"async\" class=\"alignleft wp-image-6075\" src=\"https:\/\/ventilatsiooniseade.ee\/wp-content\/uploads\/2025\/02\/VUE-250-P3-m\u00f5\u00f5dud-1024x92.jpeg\" alt=\"VUE 250 P3 m\u00f5\u00f5dud\" width=\"1035\" height=\"93\" srcset=\"https:\/\/ventilatsiooniseade.ee\/wp-content\/uploads\/2025\/02\/VUE-250-P3-m\u00f5\u00f5dud-1024x92.jpeg 1024w, https:\/\/ventilatsiooniseade.ee\/wp-content\/uploads\/2025\/02\/VUE-250-P3-m\u00f5\u00f5dud-470x42.jpeg 470w, https:\/\/ventilatsiooniseade.ee\/wp-content\/uploads\/2025\/02\/VUE-250-P3-m\u00f5\u00f5dud-300x27.jpeg 300w, https:\/\/ventilatsiooniseade.ee\/wp-content\/uploads\/2025\/02\/VUE-250-P3-m\u00f5\u00f5dud-768x69.jpeg 768w, https:\/\/ventilatsiooniseade.ee\/wp-content\/uploads\/2025\/02\/VUE-250-P3-m\u00f5\u00f5dud-80x7.jpeg 80w, https:\/\/ventilatsiooniseade.ee\/wp-content\/uploads\/2025\/02\/VUE-250-P3-m\u00f5\u00f5dud.jpeg 1054w\" sizes=\"auto, (max-width: 1035px) 100vw, 1035px\" \/><\/a><\/p>\n<p>&nbsp;<\/p>\n<p>&nbsp;<\/p>\n<p>&nbsp;<\/p>\n<p>&nbsp;<\/p>\n<p>&nbsp;<\/p>\n<p>&nbsp;<\/p>\n<p>&nbsp;<\/p>\n<p>&nbsp;<\/p>\n<p>&nbsp;<\/p>\n<p><a href=\"https:\/\/ventilation-system.com\/download\/vue-p3-manual-1312.pdf\"><span style=\"color: #0000ff;\"><strong>Kasutusjuhend<\/strong><\/span><\/a><\/p>\n<p>&nbsp;<\/p>\n<p style=\"text-align: left;\"><a href=\"https:\/\/ventilatsiooniseade.ee\/wp-content\/uploads\/2025\/02\/VUE250-P3-tehnilised-andmed.jpeg\"><img loading=\"lazy\" decoding=\"async\" class=\"size-full wp-image-6071 alignleft\" src=\"https:\/\/ventilatsiooniseade.ee\/wp-content\/uploads\/2025\/02\/VUE250-P3-tehnilised-andmed.jpeg\" alt=\"VUE250 P3 tehnilised andmed\" width=\"771\" height=\"742\" srcset=\"https:\/\/ventilatsiooniseade.ee\/wp-content\/uploads\/2025\/02\/VUE250-P3-tehnilised-andmed.jpeg 771w, https:\/\/ventilatsiooniseade.ee\/wp-content\/uploads\/2025\/02\/VUE250-P3-tehnilised-andmed-470x452.jpeg 470w, https:\/\/ventilatsiooniseade.ee\/wp-content\/uploads\/2025\/02\/VUE250-P3-tehnilised-andmed-300x289.jpeg 300w, https:\/\/ventilatsiooniseade.ee\/wp-content\/uploads\/2025\/02\/VUE250-P3-tehnilised-andmed-768x739.jpeg 768w, https:\/\/ventilatsiooniseade.ee\/wp-content\/uploads\/2025\/02\/VUE250-P3-tehnilised-andmed-80x77.jpeg 80w\" sizes=\"auto, (max-width: 771px) 100vw, 771px\" \/><\/a><\/p>\n","protected":false},"excerpt":{"rendered":"<p data-start=\"45\" data-end=\"254\">Kompaktne ja t\u00f5hus soojustagastusega ventilatsiooniseade, mis on paigaldatud heli- ja soojust isoleeritud korpusesse. Sobib suurep\u00e4raselt v\u00e4rske \u00f5hu tagamiseks ning energia s\u00e4\u00e4stmiseks elamu- ja \u00e4ripindadel.<\/p>\n<p><strong data-start=\"287\" data-end=\"311\">Maksimaalne \u00f5huvool:<\/strong> 370 m\u00b3\/h<br \/>\n<strong data-start=\"325\" data-end=\"356\">Helir\u00f5hu tase 3 m kaugusel:<\/strong> 52 dB(A)<br \/>\n<strong data-start=\"370\" data-end=\"392\">Soojusvaheti t\u00fc\u00fcp:<\/strong> Ristvool<br \/>\n<strong data-start=\"406\" data-end=\"428\">V\u00e4ljat\u00f5mbe filter:<\/strong> G4<br \/>\n<strong data-start=\"436\" data-end=\"458\">Sissepuhke filter:<\/strong> G4 ja F8 (PM2.5 83%)<br \/>\n<strong data-start=\"484\" data-end=\"504\">Heliisolatsioon:<\/strong> Jah<br \/>\n<strong data-start=\"513\" data-end=\"530\">Mootori t\u00fc\u00fcp:<\/strong> AC<br \/>\n<strong data-start=\"538\" data-end=\"564\">Enthalpia soojusvaheti<\/strong> (niiskustagastusega)<br \/>\n<strong data-start=\"590\" data-end=\"604\">Juhtimine:<\/strong> Kaugjuhtimispult<br \/>\n<strong data-start=\"626\" data-end=\"647\">Korpuse materjal:<\/strong> Kaetud teras<\/p>\n<p><a href=\"https:\/\/ventilation-system.com\/download\/vue-p3-datasheet-12049.pdf\"><span style=\"color: #0000ff;\"><strong>Infoleht<\/strong><\/span><\/a><\/p>\n","protected":false},"featured_media":1409,"comment_status":"closed","ping_status":"closed","template":"","meta":[],"product_brand":[],"product_cat":[13,164,17,24,41],"product_tag":[317,318],"class_list":{"0":"post-1487","1":"product","2":"type-product","3":"status-publish","4":"has-post-thumbnail","6":"product_cat-ventilatsiooniseadmed","7":"product_cat-vents","8":"product_cat-soojustagastusega-ventilatsiooniseadmed","9":"product_cat-tsentraalsed-seadmed","10":"product_cat-riputatavad-seadmed","11":"product_tag-vents","12":"product_tag-vue","14":"first","15":"instock","16":"shipping-taxable","17":"purchasable","18":"product-type-simple"},"_links":{"self":[{"href":"https:\/\/ventilatsiooniseade.ee\/index.php?rest_route=\/wp\/v2\/product\/1487","targetHints":{"allow":["GET"]}}],"collection":[{"href":"https:\/\/ventilatsiooniseade.ee\/index.php?rest_route=\/wp\/v2\/product"}],"about":[{"href":"https:\/\/ventilatsiooniseade.ee\/index.php?rest_route=\/wp\/v2\/types\/product"}],"replies":[{"embeddable":true,"href":"https:\/\/ventilatsiooniseade.ee\/index.php?rest_route=%2Fwp%2Fv2%2Fcomments&post=1487"}],"wp:featuredmedia":[{"embeddable":true,"href":"https:\/\/ventilatsiooniseade.ee\/index.php?rest_route=\/wp\/v2\/media\/1409"}],"wp:attachment":[{"href":"https:\/\/ventilatsiooniseade.ee\/index.php?rest_route=%2Fwp%2Fv2%2Fmedia&parent=1487"}],"wp:term":[{"taxonomy":"product_brand","embeddable":true,"href":"https:\/\/ventilatsiooniseade.ee\/index.php?rest_route=%2Fwp%2Fv2%2Fproduct_brand&post=1487"},{"taxonomy":"product_cat","embeddable":true,"href":"https:\/\/ventilatsiooniseade.ee\/index.php?rest_route=%2Fwp%2Fv2%2Fproduct_cat&post=1487"},{"taxonomy":"product_tag","embeddable":true,"href":"https:\/\/ventilatsiooniseade.ee\/index.php?rest_route=%2Fwp%2Fv2%2Fproduct_tag&post=1487"}],"curies":[{"name":"wp","href":"https:\/\/api.w.org\/{rel}","templated":true}]}}