{"id":1477,"date":"2022-03-07T10:20:22","date_gmt":"2022-03-07T08:20:22","guid":{"rendered":"http:\/\/ventilatsiooniseade.ee\/?post_type=product&#038;p=1477"},"modified":"2025-09-23T13:48:27","modified_gmt":"2025-09-23T10:48:27","slug":"1477","status":"publish","type":"product","link":"https:\/\/ventilatsiooniseade.ee\/?product=1477","title":{"rendered":"VUE 300 V2 mini EC A2"},"content":{"rendered":"<p>Seadme m\u00f5\u00f5dud:<\/p>\n<p><a href=\"https:\/\/ventilatsiooniseade.ee\/wp-content\/uploads\/2019\/12\/VUE300v2.png\"><img loading=\"lazy\" decoding=\"async\" class=\"alignnone size-full wp-image-4377\" src=\"https:\/\/ventilatsiooniseade.ee\/wp-content\/uploads\/2019\/12\/VUE300v2.png\" alt=\"VUE300v2\" width=\"1318\" height=\"479\" srcset=\"https:\/\/ventilatsiooniseade.ee\/wp-content\/uploads\/2019\/12\/VUE300v2.png 1318w, https:\/\/ventilatsiooniseade.ee\/wp-content\/uploads\/2019\/12\/VUE300v2-470x171.png 470w, https:\/\/ventilatsiooniseade.ee\/wp-content\/uploads\/2019\/12\/VUE300v2-300x109.png 300w, https:\/\/ventilatsiooniseade.ee\/wp-content\/uploads\/2019\/12\/VUE300v2-768x279.png 768w, https:\/\/ventilatsiooniseade.ee\/wp-content\/uploads\/2019\/12\/VUE300v2-1024x372.png 1024w, https:\/\/ventilatsiooniseade.ee\/wp-content\/uploads\/2019\/12\/VUE300v2-80x29.png 80w\" sizes=\"auto, (max-width: 1318px) 100vw, 1318px\" \/><\/a><\/p>\n<p>Seadme tehnilised n\u00e4itajad:<\/p>\n<table width=\"352\">\n<tbody>\n<tr>\n<td width=\"120\">Parameeter<\/td>\n<td width=\"141\">VUE 300 V2 mini EC<\/td>\n<td width=\"91\">M\u00f5\u00f5t\u00fchik<\/td>\n<\/tr>\n<tr>\n<td width=\"120\" data-label=\"Parameter\">Sagedus<\/td>\n<td width=\"141\" data-label=\"VUE 300 V2 mini EC - A2 \">50\/60<\/td>\n<td width=\"91\" data-label=\"Measurement unit\">Hz<\/td>\n<\/tr>\n<tr>\n<td width=\"120\" data-label=\"Parameter\">Pfaas<\/td>\n<td width=\"141\" data-label=\"VUE 300 V2 mini EC - A2 \">1<\/td>\n<td width=\"91\" data-label=\"Measurement unit\">\u02dc<\/td>\n<\/tr>\n<tr>\n<td width=\"120\" data-label=\"Parameter\">Pinge<\/td>\n<td width=\"141\" data-label=\"VUE 300 V2 mini EC - A2 \">230<\/td>\n<td width=\"91\" data-label=\"Measurement unit\">V<\/td>\n<\/tr>\n<tr>\n<td width=\"120\" data-label=\"Parameter\">Maksimaalne \u00fchiku v\u00f5imsus<\/td>\n<td width=\"141\" data-label=\"VUE 300 V2 mini EC - A2 \">165<\/td>\n<td width=\"91\" data-label=\"Measurement unit\">W<\/td>\n<\/tr>\n<tr>\n<td width=\"120\" data-label=\"Parameter\">Maksimaalne \u00fchikuvool<\/td>\n<td width=\"141\" data-label=\"VUE 300 V2 mini EC - A2 \">1.3<\/td>\n<td width=\"91\" data-label=\"Measurement unit\">A<\/td>\n<\/tr>\n<tr>\n<td width=\"120\" data-label=\"Parameter\">Helir\u00f5hutase 3 m kaugusel<\/td>\n<td width=\"141\" data-label=\"VUE 300 V2 mini EC - A2 \">33<\/td>\n<td width=\"91\" data-label=\"Measurement unit\">dB\u0410<\/td>\n<\/tr>\n<tr>\n<td width=\"120\" data-label=\"Parameter\">Maksimaalne \u00f5hu l\u00e4bilaskev\u00f5ime<\/td>\n<td width=\"141\" data-label=\"VUE 300 V2 mini EC - A2 \">300<\/td>\n<td width=\"91\" data-label=\"Measurement unit\">m\u00b3\/h<\/td>\n<\/tr>\n<tr>\n<td width=\"120\" data-label=\"Parameter\">RPM<\/td>\n<td width=\"141\" data-label=\"VUE 300 V2 mini EC - A2 \">2050<\/td>\n<td width=\"91\" data-label=\"Measurement unit\">min<sup>-1<\/sup><\/td>\n<\/tr>\n<tr>\n<td width=\"120\" data-label=\"Parameter\">Soojuse taaskasutamise efektiivsus<\/td>\n<td width=\"141\" data-label=\"VUE 300 V2 mini EC - A2 \">51&#8230;73<\/td>\n<td width=\"91\" data-label=\"Measurement unit\">%<\/td>\n<\/tr>\n<tr>\n<td width=\"120\" data-label=\"Parameter\">Niiskuse taastamise efektiivsus<\/td>\n<td width=\"141\" data-label=\"VUE 300 V2 mini EC - A2 \">26&#8230;45<\/td>\n<td width=\"91\" data-label=\"Measurement unit\">%<\/td>\n<\/tr>\n<tr>\n<td width=\"120\" data-label=\"Parameter\">Isolatsioon<\/td>\n<td width=\"141\" data-label=\"VUE 300 V2 mini EC - A2 \">20 mm mineraalvill<\/td>\n<td width=\"91\" data-label=\"Measurement unit\">&#8211;<\/td>\n<\/tr>\n<tr>\n<td width=\"120\" data-label=\"Parameter\">Filter: v\u00e4ljat\u00f5mme<\/td>\n<td width=\"141\" data-label=\"VUE 300 V2 mini EC - A2 \">G4<\/td>\n<td width=\"91\" data-label=\"Measurement unit\">&#8211;<\/td>\n<\/tr>\n<tr>\n<td width=\"120\" data-label=\"Parameter\">Filter: sissepuhe<\/td>\n<td width=\"141\" data-label=\"VUE 300 V2 mini EC - A2 \">G4, F8<\/td>\n<td width=\"91\" data-label=\"Measurement unit\">&#8211;<\/td>\n<\/tr>\n<tr>\n<td width=\"120\" data-label=\"Parameter\">\u00dchendatud \u00f5hukanali l\u00e4bim\u00f5\u00f5t<\/td>\n<td width=\"141\" data-label=\"VUE 300 V2 mini EC - A2 \">125<\/td>\n<td width=\"91\" data-label=\"Measurement unit\">mm<\/td>\n<\/tr>\n<tr>\n<td width=\"120\" data-label=\"Parameter\">Kaal<\/td>\n<td width=\"141\" data-label=\"VUE 300 V2 mini EC - A2 \">28<\/td>\n<td width=\"91\" data-label=\"Measurement unit\">kg<\/td>\n<\/tr>\n<tr>\n<td width=\"120\" data-label=\"Parameter\">Soojusvaheti t\u00fc\u00fcp<\/td>\n<td width=\"141\" data-label=\"VUE 300 V2 mini EC - A2 \">ristvool<\/td>\n<td width=\"91\" data-label=\"Measurement unit\">&#8211;<\/td>\n<\/tr>\n<tr>\n<td width=\"120\" data-label=\"Parameter\">Soojusvaheti materjal<\/td>\n<td width=\"141\" data-label=\"VUE 300 V2 mini EC - A2 \">pol\u00fcmeriseeritud tselluloos<\/td>\n<td width=\"91\" data-label=\"Measurement unit\">&#8211;<\/td>\n<\/tr>\n<tr>\n<td width=\"120\" data-label=\"Parameter\">SEC klass<\/td>\n<td width=\"141\" data-label=\"VUE 300 V2 mini EC - A2 \">C<\/td>\n<td width=\"91\" data-label=\"Measurement unit\">&#8211;<\/td>\n<\/tr>\n<\/tbody>\n<\/table>\n<p>Selle seadmega komplektis <strong>juhtpult A2<\/strong>.<\/p>\n<p><a href=\"https:\/\/ventilatsiooniseade.ee\/wp-content\/uploads\/2019\/12\/A2.png\"><img loading=\"lazy\" decoding=\"async\" class=\"alignnone size-full wp-image-1824\" src=\"https:\/\/ventilatsiooniseade.ee\/wp-content\/uploads\/2019\/12\/A2.png\" alt=\"A2\" width=\"175\" height=\"177\" srcset=\"https:\/\/ventilatsiooniseade.ee\/wp-content\/uploads\/2019\/12\/A2.png 175w, https:\/\/ventilatsiooniseade.ee\/wp-content\/uploads\/2019\/12\/A2-100x100.png 100w, https:\/\/ventilatsiooniseade.ee\/wp-content\/uploads\/2019\/12\/A2-80x81.png 80w\" sizes=\"auto, (max-width: 175px) 100vw, 175px\" \/><\/a><\/p>\n<p>Juhtpuldi funktsioonid:<\/p>\n<ul>\n<li>sisse- ja v\u00e4lja l\u00fclitusnupp<\/li>\n<li>kiiruse regulaator<\/li>\n<\/ul>\n<p>Sellel seerial pakkua ka soojus- ja niiskustagastusega mudel:<\/p>\n<p>Vents VUT 300 V2 mini EC ( <span style=\"color: #ff0000;\"><strong>k<a style=\"color: #ff0000;\" href=\"https:\/\/ventilatsiooniseade.ee\/?page_id=27\" target=\"_blank\">\u00fcsi lisainfot<\/a><\/strong><\/span>)<\/p>\n<div class=\"b-category b-category-gray white-bg\"><\/div>\n","protected":false},"excerpt":{"rendered":"<p>Heli- ja soojusisoleeritud metallist kestas kompaktne vertikaalsete pruntidega soojustagastusega ventilatsiooniseade.<\/p>\n<p>Tootlikus 215 m3\/h @ 100 Pa. T\u00e4psemat infot tootlikuse kohta leiad <a href=\"https:\/\/ventilation-system.com\/product\/vue-300-v2-mini-ec#sheet\" target=\"_blank\"><span style=\"color: #ff0000;\"><strong>siit<\/strong><\/span><\/a>.<\/p>\n<p>Soojustagastus kuni 79%.<\/p>\n<p>&nbsp;<\/p>\n","protected":false},"featured_media":1478,"comment_status":"closed","ping_status":"closed","template":"","meta":[],"product_brand":[],"product_cat":[17,40,42],"product_tag":[],"class_list":{"0":"post-1477","1":"product","2":"type-product","3":"status-publish","4":"has-post-thumbnail","6":"product_cat-soojustagastusega-ventilatsiooniseadmed","7":"product_cat-porandakinnitusega-seadmed","8":"product_cat-porandakinnitusega-seadmed-tsentraalsed-seadmed","10":"first","11":"instock","12":"shipping-taxable","13":"purchasable","14":"product-type-simple"},"_links":{"self":[{"href":"https:\/\/ventilatsiooniseade.ee\/index.php?rest_route=\/wp\/v2\/product\/1477","targetHints":{"allow":["GET"]}}],"collection":[{"href":"https:\/\/ventilatsiooniseade.ee\/index.php?rest_route=\/wp\/v2\/product"}],"about":[{"href":"https:\/\/ventilatsiooniseade.ee\/index.php?rest_route=\/wp\/v2\/types\/product"}],"replies":[{"embeddable":true,"href":"https:\/\/ventilatsiooniseade.ee\/index.php?rest_route=%2Fwp%2Fv2%2Fcomments&post=1477"}],"wp:featuredmedia":[{"embeddable":true,"href":"https:\/\/ventilatsiooniseade.ee\/index.php?rest_route=\/wp\/v2\/media\/1478"}],"wp:attachment":[{"href":"https:\/\/ventilatsiooniseade.ee\/index.php?rest_route=%2Fwp%2Fv2%2Fmedia&parent=1477"}],"wp:term":[{"taxonomy":"product_brand","embeddable":true,"href":"https:\/\/ventilatsiooniseade.ee\/index.php?rest_route=%2Fwp%2Fv2%2Fproduct_brand&post=1477"},{"taxonomy":"product_cat","embeddable":true,"href":"https:\/\/ventilatsiooniseade.ee\/index.php?rest_route=%2Fwp%2Fv2%2Fproduct_cat&post=1477"},{"taxonomy":"product_tag","embeddable":true,"href":"https:\/\/ventilatsiooniseade.ee\/index.php?rest_route=%2Fwp%2Fv2%2Fproduct_tag&post=1477"}],"curies":[{"name":"wp","href":"https:\/\/api.w.org\/{rel}","templated":true}]}}