{"id":1435,"date":"2019-12-05T14:02:12","date_gmt":"2019-12-05T12:02:12","guid":{"rendered":"http:\/\/ventilatsiooniseade.ee\/?post_type=product&#038;p=1435"},"modified":"2020-10-22T11:36:04","modified_gmt":"2020-10-22T08:36:04","slug":"vents-vutr-v-ec","status":"publish","type":"product","link":"https:\/\/ventilatsiooniseade.ee\/?product=vents-vutr-v-ec","title":{"rendered":"VUTR 200 V2E EC A21"},"content":{"rendered":"<p>Seadme m\u00f5\u00f5dud:<\/p>\n<p><a href=\"https:\/\/ventilatsiooniseade.ee\/wp-content\/uploads\/2019\/12\/VTR200V-1.png\"><img loading=\"lazy\" decoding=\"async\" class=\"alignnone size-full wp-image-4360\" src=\"https:\/\/ventilatsiooniseade.ee\/wp-content\/uploads\/2019\/12\/VTR200V-1.png\" alt=\"VTR200V\" width=\"1305\" height=\"463\" srcset=\"https:\/\/ventilatsiooniseade.ee\/wp-content\/uploads\/2019\/12\/VTR200V-1.png 1305w, https:\/\/ventilatsiooniseade.ee\/wp-content\/uploads\/2019\/12\/VTR200V-1-470x167.png 470w, https:\/\/ventilatsiooniseade.ee\/wp-content\/uploads\/2019\/12\/VTR200V-1-300x106.png 300w, https:\/\/ventilatsiooniseade.ee\/wp-content\/uploads\/2019\/12\/VTR200V-1-768x272.png 768w, https:\/\/ventilatsiooniseade.ee\/wp-content\/uploads\/2019\/12\/VTR200V-1-1024x363.png 1024w, https:\/\/ventilatsiooniseade.ee\/wp-content\/uploads\/2019\/12\/VTR200V-1-80x28.png 80w\" sizes=\"auto, (max-width: 1305px) 100vw, 1305px\" \/><\/a><\/p>\n<p>&nbsp;<\/p>\n<p>Sobib kasutamiseks\u00a0integreeritud k\u00f6\u00f6gikubuna, kui ka k\u00f6\u00f6gikubu toruga \u00fchenduseks.<\/p>\n<p><a href=\"https:\/\/ventilatsiooniseade.ee\/wp-content\/uploads\/2019\/12\/kubu-1.png\"><img loading=\"lazy\" decoding=\"async\" class=\"alignnone size-full wp-image-1445\" src=\"https:\/\/ventilatsiooniseade.ee\/wp-content\/uploads\/2019\/12\/kubu-1.png\" alt=\"kubu\" width=\"145\" height=\"202\" srcset=\"https:\/\/ventilatsiooniseade.ee\/wp-content\/uploads\/2019\/12\/kubu-1.png 145w, https:\/\/ventilatsiooniseade.ee\/wp-content\/uploads\/2019\/12\/kubu-1-77x107.png 77w\" sizes=\"auto, (max-width: 145px) 100vw, 145px\" \/><\/a><\/p>\n<div class=\"block-s\"><\/div>\n<div class=\"seria-gallery\"><\/div>\n<p>Alloleval pildil on v\u00e4lja todud \u00fcks v\u00f5imalikest toote kasutamise v\u00f5imalustest.<\/p>\n<p>T\u00e4psemat infot toote kohta leiab<span style=\"color: #ff0000;\"><a style=\"color: #ff0000;\" href=\"https:\/\/ventilation-system.com\/series\/vutr-v-ve-ec#description\" target=\"_blank\"><strong> siit<\/strong><\/a><\/span>.<\/p>\n<p>&nbsp;<\/p>\n<p><a href=\"https:\/\/ventilatsiooniseade.ee\/wp-content\/uploads\/2019\/12\/VUTR-V-VE-EC-mounting-700-en-1.png\"><img loading=\"lazy\" decoding=\"async\" class=\"alignnone size-full wp-image-1580\" src=\"https:\/\/ventilatsiooniseade.ee\/wp-content\/uploads\/2019\/12\/VUTR-V-VE-EC-mounting-700-en-1.png\" alt=\"VUTR-V-VE-EC-mounting-700-en\" width=\"700\" height=\"950\" srcset=\"https:\/\/ventilatsiooniseade.ee\/wp-content\/uploads\/2019\/12\/VUTR-V-VE-EC-mounting-700-en-1.png 700w, https:\/\/ventilatsiooniseade.ee\/wp-content\/uploads\/2019\/12\/VUTR-V-VE-EC-mounting-700-en-1-470x638.png 470w, https:\/\/ventilatsiooniseade.ee\/wp-content\/uploads\/2019\/12\/VUTR-V-VE-EC-mounting-700-en-1-221x300.png 221w, https:\/\/ventilatsiooniseade.ee\/wp-content\/uploads\/2019\/12\/VUTR-V-VE-EC-mounting-700-en-1-442x600.png 442w\" sizes=\"auto, (max-width: 700px) 100vw, 700px\" \/><\/a><\/p>\n<p>Pakume ka sama sarja teisi mudeleid:<\/p>\n<p><span class=\"l-item\">VUTR 200 V2 EC, VUTR 280 VE EC, VUTR400 VE EC, VUTR600 VE EC, <\/span><span class=\"l-item\"> (<span style=\"color: #ff0000;\"><strong><a style=\"color: #ff0000;\" href=\"https:\/\/ventilatsiooniseade.ee\/?page_id=27\" target=\"_blank\">k\u00fcsi meilt lisainfot<\/a><\/strong><\/span>)<\/span><\/p>\n<p>&nbsp;<\/p>\n","protected":false},"excerpt":{"rendered":"<p>Soojustagastusega ventilatsiooniseade kuni ca 110 m2 eramule v\u00f5i korterile.<\/p>\n<p>Tootlikkus 220 m3\/h @ 100 Pa. T\u00e4psema graafiku tootlikuse kohta leiad<a href=\"https:\/\/ventilation-system.com\/product\/vutr-200-v2e-ec#sheet\" target=\"_blank\"><span style=\"color: #ff0000;\"><strong> siit<\/strong><\/span><\/a>.<\/p>\n<p>&nbsp;<\/p>\n<p>&nbsp;<\/p>\n<p>&nbsp;<\/p>\n<div class=\"block-s\"><\/div>\n<div class=\"seria-gallery\"><\/div>\n<p>&nbsp;<\/p>\n","protected":false},"featured_media":1582,"comment_status":"closed","ping_status":"closed","template":"","meta":[],"product_brand":[],"product_cat":[13,17,40,42],"product_tag":[],"class_list":{"0":"post-1435","1":"product","2":"type-product","3":"status-publish","4":"has-post-thumbnail","6":"product_cat-ventilatsiooniseadmed","7":"product_cat-soojustagastusega-ventilatsiooniseadmed","8":"product_cat-porandakinnitusega-seadmed","9":"product_cat-porandakinnitusega-seadmed-tsentraalsed-seadmed","11":"first","12":"instock","13":"shipping-taxable","14":"purchasable","15":"product-type-simple"},"_links":{"self":[{"href":"https:\/\/ventilatsiooniseade.ee\/index.php?rest_route=\/wp\/v2\/product\/1435","targetHints":{"allow":["GET"]}}],"collection":[{"href":"https:\/\/ventilatsiooniseade.ee\/index.php?rest_route=\/wp\/v2\/product"}],"about":[{"href":"https:\/\/ventilatsiooniseade.ee\/index.php?rest_route=\/wp\/v2\/types\/product"}],"replies":[{"embeddable":true,"href":"https:\/\/ventilatsiooniseade.ee\/index.php?rest_route=%2Fwp%2Fv2%2Fcomments&post=1435"}],"wp:featuredmedia":[{"embeddable":true,"href":"https:\/\/ventilatsiooniseade.ee\/index.php?rest_route=\/wp\/v2\/media\/1582"}],"wp:attachment":[{"href":"https:\/\/ventilatsiooniseade.ee\/index.php?rest_route=%2Fwp%2Fv2%2Fmedia&parent=1435"}],"wp:term":[{"taxonomy":"product_brand","embeddable":true,"href":"https:\/\/ventilatsiooniseade.ee\/index.php?rest_route=%2Fwp%2Fv2%2Fproduct_brand&post=1435"},{"taxonomy":"product_cat","embeddable":true,"href":"https:\/\/ventilatsiooniseade.ee\/index.php?rest_route=%2Fwp%2Fv2%2Fproduct_cat&post=1435"},{"taxonomy":"product_tag","embeddable":true,"href":"https:\/\/ventilatsiooniseade.ee\/index.php?rest_route=%2Fwp%2Fv2%2Fproduct_tag&post=1435"}],"curies":[{"name":"wp","href":"https:\/\/api.w.org\/{rel}","templated":true}]}}