{"id":1425,"date":"2024-08-05T09:05:20","date_gmt":"2024-08-05T06:05:20","guid":{"rendered":"http:\/\/ventilatsiooniseade.ee\/?post_type=product&#038;p=1425"},"modified":"2024-08-05T10:41:30","modified_gmt":"2024-08-05T07:41:30","slug":"vents-vue-p3b","status":"publish","type":"product","link":"https:\/\/ventilatsiooniseade.ee\/?product=vents-vue-p3b","title":{"rendered":"VUE 150 P3B L\/R A14"},"content":{"rendered":"<p>Alloleval pildil on v\u00e4lja toodud \u00fcks v\u00f5imalikest toote kasutamise v\u00f5imalustest.<\/p>\n<p><a href=\"https:\/\/ventilatsiooniseade.ee\/wp-content\/uploads\/2019\/12\/VUE-P3B-EC-application-800-EN-1.png\"><img loading=\"lazy\" decoding=\"async\" class=\"size-full wp-image-1433\" src=\"https:\/\/ventilatsiooniseade.ee\/wp-content\/uploads\/2019\/12\/VUE-P3B-EC-application-800-EN-1.png\" alt=\"VENTS VUE P3B soojustagastusega kompaktne, t\u00f6\u00f6kindel ja energias\u00e4\u00e4stlik ventilatsiooniagregaat\" width=\"800\" height=\"1030\" srcset=\"https:\/\/ventilatsiooniseade.ee\/wp-content\/uploads\/2019\/12\/VUE-P3B-EC-application-800-EN-1.png 800w, https:\/\/ventilatsiooniseade.ee\/wp-content\/uploads\/2019\/12\/VUE-P3B-EC-application-800-EN-1-470x605.png 470w, https:\/\/ventilatsiooniseade.ee\/wp-content\/uploads\/2019\/12\/VUE-P3B-EC-application-800-EN-1-233x300.png 233w, https:\/\/ventilatsiooniseade.ee\/wp-content\/uploads\/2019\/12\/VUE-P3B-EC-application-800-EN-1-768x989.png 768w, https:\/\/ventilatsiooniseade.ee\/wp-content\/uploads\/2019\/12\/VUE-P3B-EC-application-800-EN-1-795x1024.png 795w, https:\/\/ventilatsiooniseade.ee\/wp-content\/uploads\/2019\/12\/VUE-P3B-EC-application-800-EN-1-80x103.png 80w, https:\/\/ventilatsiooniseade.ee\/wp-content\/uploads\/2019\/12\/VUE-P3B-EC-application-800-EN-1-466x600.png 466w\" sizes=\"auto, (max-width: 800px) 100vw, 800px\" \/><\/a><\/p>\n<p>Seadme komplekti kuulub<strong> juhtpult A14<\/strong>.<\/p>\n<p>Juhtpuldi funktsioonid:<\/p>\n<ul>\n<li style=\"text-align: left;\">seadme sisse\/v\u00e4lja l\u00fclitamine<\/li>\n<li style=\"text-align: left;\">seadme j\u00f5udluse juhtimine (madala, keskmine, v\u00f5i suure kiiruse valimine)<\/li>\n<li style=\"text-align: left;\">m\u00f6\u00f6davoolu klapi avamine ja sulgemine<\/li>\n<li style=\"text-align: left;\">veateade<\/li>\n<li style=\"text-align: left;\">filtri vahetuse teade<\/li>\n<\/ul>\n<p><a href=\"https:\/\/ventilatsiooniseade.ee\/wp-content\/uploads\/2019\/12\/A14-100-1.png\"><img loading=\"lazy\" decoding=\"async\" class=\"alignnone size-full wp-image-1811\" src=\"https:\/\/ventilatsiooniseade.ee\/wp-content\/uploads\/2019\/12\/A14-100-1.png\" alt=\"A14-100\" width=\"100\" height=\"100\" srcset=\"https:\/\/ventilatsiooniseade.ee\/wp-content\/uploads\/2019\/12\/A14-100-1.png 100w, https:\/\/ventilatsiooniseade.ee\/wp-content\/uploads\/2019\/12\/A14-100-1-80x80.png 80w\" sizes=\"auto, (max-width: 100px) 100vw, 100px\" \/><\/a><\/p>\n<p>&nbsp;<\/p>\n<p>Pakume ka selle sarja teisi mudeleid:<\/p>\n<p><span class=\"l-item\">\u00a0<\/span><span class=\"l-item\">VUE 250 P3B EC, <\/span><span class=\"l-item\">VUE 350 P3B EC, (<strong><span style=\"color: #ff0000;\"><a style=\"color: #ff0000;\" href=\"https:\/\/ventilatsiooniseade.ee\/?page_id=27\" target=\"_blank\">K\u00fcsi meilt lisainfot<\/a><\/span><\/strong>)<\/span><\/p>\n","protected":false},"excerpt":{"rendered":"<p>Soojus- ja niiskustagastusega ventilatsiooniseade lakke paigaldamiseks. Horisontaalsete toru\u00fchendustega.<\/p>\n<p>Ventilaatorid asuvad kahe entalpia soojusvaheti vahel, mis teeb seadme vaiksemaks omataoliste seas.<\/p>\n<p>Kasutuskoht: Kontori, eramu v\u00f5i korteri ventilatsiooni v\u00e4ljaehitamine. Sobib h\u00e4sti korteri v\u00f5i moodulmaja vannitoa lakke paigalduseks.<\/p>\n<p>Tootlikus 160 <span id=\"td-result-l\">m\u00b3\/h<\/span> @ 100 Pa.<\/p>\n<p><a href=\"https:\/\/ventilation-system.com\/download\/1319\/\"><span style=\"color: #0000ff;\"><strong>Infoleht<\/strong><\/span><\/a><\/p>\n","protected":false},"featured_media":1431,"comment_status":"closed","ping_status":"closed","template":"","meta":[],"product_brand":[],"product_cat":[13,164,17,41],"product_tag":[],"class_list":{"0":"post-1425","1":"product","2":"type-product","3":"status-publish","4":"has-post-thumbnail","6":"product_cat-ventilatsiooniseadmed","7":"product_cat-vents","8":"product_cat-soojustagastusega-ventilatsiooniseadmed","9":"product_cat-riputatavad-seadmed","11":"first","12":"instock","13":"shipping-taxable","14":"purchasable","15":"product-type-simple"},"_links":{"self":[{"href":"https:\/\/ventilatsiooniseade.ee\/index.php?rest_route=\/wp\/v2\/product\/1425","targetHints":{"allow":["GET"]}}],"collection":[{"href":"https:\/\/ventilatsiooniseade.ee\/index.php?rest_route=\/wp\/v2\/product"}],"about":[{"href":"https:\/\/ventilatsiooniseade.ee\/index.php?rest_route=\/wp\/v2\/types\/product"}],"replies":[{"embeddable":true,"href":"https:\/\/ventilatsiooniseade.ee\/index.php?rest_route=%2Fwp%2Fv2%2Fcomments&post=1425"}],"wp:featuredmedia":[{"embeddable":true,"href":"https:\/\/ventilatsiooniseade.ee\/index.php?rest_route=\/wp\/v2\/media\/1431"}],"wp:attachment":[{"href":"https:\/\/ventilatsiooniseade.ee\/index.php?rest_route=%2Fwp%2Fv2%2Fmedia&parent=1425"}],"wp:term":[{"taxonomy":"product_brand","embeddable":true,"href":"https:\/\/ventilatsiooniseade.ee\/index.php?rest_route=%2Fwp%2Fv2%2Fproduct_brand&post=1425"},{"taxonomy":"product_cat","embeddable":true,"href":"https:\/\/ventilatsiooniseade.ee\/index.php?rest_route=%2Fwp%2Fv2%2Fproduct_cat&post=1425"},{"taxonomy":"product_tag","embeddable":true,"href":"https:\/\/ventilatsiooniseade.ee\/index.php?rest_route=%2Fwp%2Fv2%2Fproduct_tag&post=1425"}],"curies":[{"name":"wp","href":"https:\/\/api.w.org\/{rel}","templated":true}]}}