{"id":1343,"date":"2020-04-30T13:24:24","date_gmt":"2020-04-30T10:24:24","guid":{"rendered":"http:\/\/ventilatsiooniseade.ee\/?post_type=product&#038;p=1343"},"modified":"2026-04-07T15:52:02","modified_gmt":"2026-04-07T12:52:02","slug":"renson-easyflex","status":"publish","type":"product","link":"https:\/\/ventilatsiooniseade.ee\/?product=renson-easyflex","title":{"rendered":"Renson EasyFlex\u00ae painduv ventilatsioonitoru 140x64mm 15m"},"content":{"rendered":"<p>Renson Easyflex\u00ae painduva lapiku ventilatsioonikanali r\u00f5hukadude tabel<\/p>\n<p><a href=\"https:\/\/ventilatsiooniseade.ee\/wp-content\/uploads\/2018\/06\/Renson_EasyFlex_parameetrid.jpg\"><img loading=\"lazy\" decoding=\"async\" class=\"size-full wp-image-1352\" src=\"https:\/\/ventilatsiooniseade.ee\/wp-content\/uploads\/2018\/06\/Renson_EasyFlex_parameetrid.jpg\" alt=\"Renson Easyflex\u00ae lapik ventilatsioonitoru\" width=\"919\" height=\"747\" srcset=\"https:\/\/ventilatsiooniseade.ee\/wp-content\/uploads\/2018\/06\/Renson_EasyFlex_parameetrid.jpg 919w, https:\/\/ventilatsiooniseade.ee\/wp-content\/uploads\/2018\/06\/Renson_EasyFlex_parameetrid-470x382.jpg 470w, https:\/\/ventilatsiooniseade.ee\/wp-content\/uploads\/2018\/06\/Renson_EasyFlex_parameetrid-300x244.jpg 300w, https:\/\/ventilatsiooniseade.ee\/wp-content\/uploads\/2018\/06\/Renson_EasyFlex_parameetrid-768x624.jpg 768w, https:\/\/ventilatsiooniseade.ee\/wp-content\/uploads\/2018\/06\/Renson_EasyFlex_parameetrid-80x65.jpg 80w\" sizes=\"auto, (max-width: 919px) 100vw, 919px\" \/><\/a><\/p>\n<p>&nbsp;<\/p>\n","protected":false},"excerpt":{"rendered":"<p>Suurima l\u00e4bim\u00f5\u00f5duga painduv ventilatsiuoonitoru.<\/p>\n<p>Sisel\u00e4bim\u00f5\u00f5t \u00fcmmarguseks teisendatuna 90mm!<\/p>\n<p>L\u00e4bilaskev\u00f5ime 60m3\/h ehk 16,6l\/s<\/p>\n<p>&nbsp;<\/p>\n<p>T\u00e4psem tehniline info toote kodulehel:\u00a0<a href=\"https:\/\/rensoneesti.ee\/tooted\/noudluspohine-ventilatsioon\/easyflex-ventilatsioonitorud\/\"><span style=\"color: #0000ff;\">Rensoneesti.ee<\/span><\/a><\/p>\n","protected":false},"featured_media":1344,"comment_status":"closed","ping_status":"closed","template":"","meta":[],"product_brand":[],"product_cat":[121,158,118],"product_tag":[],"class_list":{"0":"post-1343","1":"product","2":"type-product","3":"status-publish","4":"has-post-thumbnail","6":"product_cat-top-tooted","7":"product_cat-renson-easyflex-2","8":"product_cat-ventilatsioonitorud","10":"first","11":"instock","12":"shipping-taxable","13":"purchasable","14":"product-type-simple"},"_links":{"self":[{"href":"https:\/\/ventilatsiooniseade.ee\/index.php?rest_route=\/wp\/v2\/product\/1343","targetHints":{"allow":["GET"]}}],"collection":[{"href":"https:\/\/ventilatsiooniseade.ee\/index.php?rest_route=\/wp\/v2\/product"}],"about":[{"href":"https:\/\/ventilatsiooniseade.ee\/index.php?rest_route=\/wp\/v2\/types\/product"}],"replies":[{"embeddable":true,"href":"https:\/\/ventilatsiooniseade.ee\/index.php?rest_route=%2Fwp%2Fv2%2Fcomments&post=1343"}],"wp:featuredmedia":[{"embeddable":true,"href":"https:\/\/ventilatsiooniseade.ee\/index.php?rest_route=\/wp\/v2\/media\/1344"}],"wp:attachment":[{"href":"https:\/\/ventilatsiooniseade.ee\/index.php?rest_route=%2Fwp%2Fv2%2Fmedia&parent=1343"}],"wp:term":[{"taxonomy":"product_brand","embeddable":true,"href":"https:\/\/ventilatsiooniseade.ee\/index.php?rest_route=%2Fwp%2Fv2%2Fproduct_brand&post=1343"},{"taxonomy":"product_cat","embeddable":true,"href":"https:\/\/ventilatsiooniseade.ee\/index.php?rest_route=%2Fwp%2Fv2%2Fproduct_cat&post=1343"},{"taxonomy":"product_tag","embeddable":true,"href":"https:\/\/ventilatsiooniseade.ee\/index.php?rest_route=%2Fwp%2Fv2%2Fproduct_tag&post=1343"}],"curies":[{"name":"wp","href":"https:\/\/api.w.org\/{rel}","templated":true}]}}