{"id":1250,"date":"2026-01-27T12:06:42","date_gmt":"2026-01-27T10:06:42","guid":{"rendered":"http:\/\/ventilatsiooniseade.ee\/?product=vents-100-quiet-th"},"modified":"2026-01-27T15:30:07","modified_gmt":"2026-01-27T13:30:07","slug":"vents-100-quiet-th","status":"publish","type":"product","link":"https:\/\/ventilatsiooniseade.ee\/?product=vents-100-quiet-th","title":{"rendered":"Quiet 100 TH ventilaator"},"content":{"rendered":"<p><strong>Toitepinge<\/strong> 220-240 V<br \/>\n<strong>Voolusagedus<\/strong> 50\/60 Hz<br \/>\n<strong>V\u00f5imsustarve<\/strong> 7,5 W<br \/>\n<strong>\u00d5huvoolu tootlikkus<\/strong> 97 m\u00b3\/h<br \/>\n57,133 CFM<br \/>\n26,966 l\/s<br \/>\n0,02697 m\u00b3\/s<br \/>\n1619,9 l\/m<br \/>\n<strong>Vooltarve<\/strong> 0,049 A<br \/>\n<strong>Helisurve 3 m kaugusel<\/strong> 25 [dBA]<br \/>\n<strong>Kaal<\/strong> 0,55 kg<br \/>\n<strong>Kaitseklass<\/strong> IP 45 klass<br \/>\n<strong>Toru l\u00e4bim\u00f5\u00f5t<\/strong> 100mm<br \/>\n<strong>Mootori t\u00fc\u00fcp<\/strong> 220-240V \/ 50-60Hz<\/p>\n<p>&nbsp;<\/p>\n<p><a href=\"https:\/\/ventilatsiooniseade.ee\/wp-content\/uploads\/2017\/10\/Vents_100_Quiet_diagram.jpg\"><img loading=\"lazy\" decoding=\"async\" class=\"size-full wp-image-1244\" src=\"https:\/\/ventilatsiooniseade.ee\/wp-content\/uploads\/2017\/10\/Vents_100_Quiet_diagram.jpg\" alt=\"Vents 100 Quiet\" width=\"692\" height=\"665\" srcset=\"https:\/\/ventilatsiooniseade.ee\/wp-content\/uploads\/2017\/10\/Vents_100_Quiet_diagram.jpg 692w, https:\/\/ventilatsiooniseade.ee\/wp-content\/uploads\/2017\/10\/Vents_100_Quiet_diagram-470x452.jpg 470w, https:\/\/ventilatsiooniseade.ee\/wp-content\/uploads\/2017\/10\/Vents_100_Quiet_diagram-300x288.jpg 300w, https:\/\/ventilatsiooniseade.ee\/wp-content\/uploads\/2017\/10\/Vents_100_Quiet_diagram-80x77.jpg 80w\" sizes=\"auto, (max-width: 692px) 100vw, 692px\" \/><\/a><\/p>\n<p><a href=\"https:\/\/ventilatsiooniseade.ee\/wp-content\/uploads\/2017\/10\/0206434001686323376.png\"><img loading=\"lazy\" decoding=\"async\" class=\" wp-image-5927 alignleft\" src=\"https:\/\/ventilatsiooniseade.ee\/wp-content\/uploads\/2017\/10\/0206434001686323376.png\" alt=\"0206434001686323376\" width=\"250\" height=\"284\" srcset=\"https:\/\/ventilatsiooniseade.ee\/wp-content\/uploads\/2017\/10\/0206434001686323376.png 300w, https:\/\/ventilatsiooniseade.ee\/wp-content\/uploads\/2017\/10\/0206434001686323376-264x300.png 264w, https:\/\/ventilatsiooniseade.ee\/wp-content\/uploads\/2017\/10\/0206434001686323376-80x91.png 80w\" sizes=\"auto, (max-width: 250px) 100vw, 250px\" \/><\/a><\/p>\n<div class=\"tehtext\">\n<table class=\"hka_table\">\n<thead>\n<tr>\n<th>M\u00f5\u00f5dud<\/th>\n<th>\u2205D<\/th>\n<th>B<\/th>\n<th>H<\/th>\n<th>L<\/th>\n<th>L1<\/th>\n<\/tr>\n<\/thead>\n<tbody>\n<tr>\n<td>mm<\/td>\n<td>99<\/td>\n<td>158<\/td>\n<td>136<\/td>\n<td>81<\/td>\n<td>26<\/td>\n<\/tr>\n<\/tbody>\n<\/table>\n<p>&nbsp;<\/p>\n<\/div>\n","protected":false},"excerpt":{"rendered":"<p data-start=\"65\" data-end=\"86\"><strong data-start=\"65\" data-end=\"86\">Tehnilised andmed:<\/strong><\/p>\n<p data-start=\"90\" data-end=\"135\">Helir\u00f5hutase (LpA) 3 m kaugusel: <strong data-start=\"123\" data-end=\"135\">25 dB(A)<br \/>\n<\/strong>Mootori t\u00fc\u00fcp: <strong data-start=\"152\" data-end=\"158\">AC<br \/>\n<\/strong>Korpuse materjal: <strong data-start=\"179\" data-end=\"190\">plastik<br \/>\n<\/strong>Tagasil\u00f6\u00f6gi kaitse: <strong data-start=\"213\" data-end=\"233\">tagasil\u00f6\u00f6giklapp<br \/>\n<\/strong>Niiskusandur: <strong data-start=\"250\" data-end=\"257\">jah<br \/>\n<\/strong>Taimer: <strong data-start=\"268\" data-end=\"290\">v\u00e4ljal\u00fclitustaimer<\/strong><\/p>\n<p><a href=\"https:\/\/ventilation-system.com\/download\/1922\/\"><span style=\"color: #0000ff;\"><strong>Infoleht<\/strong><\/span><\/a><\/p>\n","protected":false},"featured_media":1218,"comment_status":"closed","ping_status":"closed","template":"","meta":[],"product_brand":[],"product_cat":[11,26],"product_tag":[],"class_list":{"0":"post-1250","1":"product","2":"type-product","3":"status-publish","4":"has-post-thumbnail","6":"product_cat-ventilaatorid","7":"product_cat-telgventilaatorid","9":"first","10":"instock","11":"shipping-taxable","12":"purchasable","13":"product-type-simple"},"_links":{"self":[{"href":"https:\/\/ventilatsiooniseade.ee\/index.php?rest_route=\/wp\/v2\/product\/1250","targetHints":{"allow":["GET"]}}],"collection":[{"href":"https:\/\/ventilatsiooniseade.ee\/index.php?rest_route=\/wp\/v2\/product"}],"about":[{"href":"https:\/\/ventilatsiooniseade.ee\/index.php?rest_route=\/wp\/v2\/types\/product"}],"replies":[{"embeddable":true,"href":"https:\/\/ventilatsiooniseade.ee\/index.php?rest_route=%2Fwp%2Fv2%2Fcomments&post=1250"}],"wp:featuredmedia":[{"embeddable":true,"href":"https:\/\/ventilatsiooniseade.ee\/index.php?rest_route=\/wp\/v2\/media\/1218"}],"wp:attachment":[{"href":"https:\/\/ventilatsiooniseade.ee\/index.php?rest_route=%2Fwp%2Fv2%2Fmedia&parent=1250"}],"wp:term":[{"taxonomy":"product_brand","embeddable":true,"href":"https:\/\/ventilatsiooniseade.ee\/index.php?rest_route=%2Fwp%2Fv2%2Fproduct_brand&post=1250"},{"taxonomy":"product_cat","embeddable":true,"href":"https:\/\/ventilatsiooniseade.ee\/index.php?rest_route=%2Fwp%2Fv2%2Fproduct_cat&post=1250"},{"taxonomy":"product_tag","embeddable":true,"href":"https:\/\/ventilatsiooniseade.ee\/index.php?rest_route=%2Fwp%2Fv2%2Fproduct_tag&post=1250"}],"curies":[{"name":"wp","href":"https:\/\/api.w.org\/{rel}","templated":true}]}}