{"id":1241,"date":"2026-02-03T12:06:30","date_gmt":"2026-02-03T10:06:30","guid":{"rendered":"http:\/\/ventilatsiooniseade.ee\/?product=vents-125-quiet-tp"},"modified":"2026-02-03T16:02:07","modified_gmt":"2026-02-03T14:02:07","slug":"vents-125-quiet-tp","status":"publish","type":"product","link":"https:\/\/ventilatsiooniseade.ee\/?product=vents-125-quiet-tp","title":{"rendered":"Quiet 125 TP ventilaator"},"content":{"rendered":"<p><strong>Toitepinge<\/strong> 220-240 V<br \/>\n<strong>Voolusagedus<\/strong> 50\/60 Hz<br \/>\n<strong>V\u00f5imsustarve<\/strong> 17 W<br \/>\n<strong>\u00d5huvoolu tootlikkus\u00a0<\/strong>185 m\u00b3\/h<br \/>\n108,965 CFM<br \/>\n51,43 l\/s<br \/>\n0,05143 m\u00b3\/s<br \/>\n3089,5 l\/m<br \/>\n<strong>Vooltarve<\/strong> 0,11 A<br \/>\n<strong>Helisurve 3 m kaugusel<\/strong> 32 [dBA]<br \/>\n<strong>Kaal<\/strong>\u00a00,78 kg<br \/>\n<strong>Kaitseklass<\/strong> IP 45 klass<br \/>\n<strong>Toru l\u00e4bim\u00f5\u00f5t<\/strong> 125 mm<br \/>\n<strong>Mootori t\u00fc\u00fcp<\/strong> 220-240V \/ 50-60Hz<\/p>\n<p><a href=\"https:\/\/ventilatsiooniseade.ee\/wp-content\/uploads\/2017\/10\/Vents_125_Quiet_diagram.jpg\"><img loading=\"lazy\" decoding=\"async\" class=\"size-full wp-image-1246\" src=\"https:\/\/ventilatsiooniseade.ee\/wp-content\/uploads\/2017\/10\/Vents_125_Quiet_diagram.jpg\" alt=\"Vents 125 Quiet\" width=\"709\" height=\"670\" srcset=\"https:\/\/ventilatsiooniseade.ee\/wp-content\/uploads\/2017\/10\/Vents_125_Quiet_diagram.jpg 709w, https:\/\/ventilatsiooniseade.ee\/wp-content\/uploads\/2017\/10\/Vents_125_Quiet_diagram-470x444.jpg 470w, https:\/\/ventilatsiooniseade.ee\/wp-content\/uploads\/2017\/10\/Vents_125_Quiet_diagram-300x283.jpg 300w, https:\/\/ventilatsiooniseade.ee\/wp-content\/uploads\/2017\/10\/Vents_125_Quiet_diagram-80x76.jpg 80w\" sizes=\"auto, (max-width: 709px) 100vw, 709px\" \/><\/a><\/p>\n<p><a href=\"https:\/\/ventilatsiooniseade.ee\/wp-content\/uploads\/2017\/10\/Kuvat\u00f5mmis_22-5-2024_145114_ventilation-system.com_.jpeg\"><img loading=\"lazy\" decoding=\"async\" class=\"alignleft size-large wp-image-5940\" src=\"https:\/\/ventilatsiooniseade.ee\/wp-content\/uploads\/2017\/10\/Kuvat\u00f5mmis_22-5-2024_145114_ventilation-system.com_-1024x471.jpeg\" alt=\"22-5-2024_145114_\" width=\"1024\" height=\"471\" srcset=\"https:\/\/ventilatsiooniseade.ee\/wp-content\/uploads\/2017\/10\/Kuvat\u00f5mmis_22-5-2024_145114_ventilation-system.com_-1024x471.jpeg 1024w, https:\/\/ventilatsiooniseade.ee\/wp-content\/uploads\/2017\/10\/Kuvat\u00f5mmis_22-5-2024_145114_ventilation-system.com_-470x216.jpeg 470w, https:\/\/ventilatsiooniseade.ee\/wp-content\/uploads\/2017\/10\/Kuvat\u00f5mmis_22-5-2024_145114_ventilation-system.com_-300x138.jpeg 300w, https:\/\/ventilatsiooniseade.ee\/wp-content\/uploads\/2017\/10\/Kuvat\u00f5mmis_22-5-2024_145114_ventilation-system.com_-768x353.jpeg 768w, https:\/\/ventilatsiooniseade.ee\/wp-content\/uploads\/2017\/10\/Kuvat\u00f5mmis_22-5-2024_145114_ventilation-system.com_-80x37.jpeg 80w, https:\/\/ventilatsiooniseade.ee\/wp-content\/uploads\/2017\/10\/Kuvat\u00f5mmis_22-5-2024_145114_ventilation-system.com_.jpeg 1176w\" sizes=\"auto, (max-width: 1024px) 100vw, 1024px\" \/><\/a><\/p>\n<p>&nbsp;<\/p>\n","protected":false},"excerpt":{"rendered":"<p>V\u00f5imas kuid vaikne seinaventilaator 125 mm toru l\u00e4bim\u00f5\u00f5duga.<br \/>\nAegrelee, liikumisandur (infrapuna), tagasil\u00f6\u00f6giklapp.<br \/>\n\u00d5hutootlikkus kuni\u00a0185 m2\/h.<\/p>\n<p><a href=\"https:\/\/ventilation-system.com\/download\/1922\/\"><span style=\"color: #0000ff;\"><strong>Infoleht<\/strong><\/span><\/a><\/p>\n","protected":false},"featured_media":1218,"comment_status":"closed","ping_status":"closed","template":"","meta":[],"product_brand":[],"product_cat":[11,26],"product_tag":[],"class_list":{"0":"post-1241","1":"product","2":"type-product","3":"status-publish","4":"has-post-thumbnail","6":"product_cat-ventilaatorid","7":"product_cat-telgventilaatorid","9":"first","10":"instock","11":"shipping-taxable","12":"purchasable","13":"product-type-simple"},"_links":{"self":[{"href":"https:\/\/ventilatsiooniseade.ee\/index.php?rest_route=\/wp\/v2\/product\/1241","targetHints":{"allow":["GET"]}}],"collection":[{"href":"https:\/\/ventilatsiooniseade.ee\/index.php?rest_route=\/wp\/v2\/product"}],"about":[{"href":"https:\/\/ventilatsiooniseade.ee\/index.php?rest_route=\/wp\/v2\/types\/product"}],"replies":[{"embeddable":true,"href":"https:\/\/ventilatsiooniseade.ee\/index.php?rest_route=%2Fwp%2Fv2%2Fcomments&post=1241"}],"wp:featuredmedia":[{"embeddable":true,"href":"https:\/\/ventilatsiooniseade.ee\/index.php?rest_route=\/wp\/v2\/media\/1218"}],"wp:attachment":[{"href":"https:\/\/ventilatsiooniseade.ee\/index.php?rest_route=%2Fwp%2Fv2%2Fmedia&parent=1241"}],"wp:term":[{"taxonomy":"product_brand","embeddable":true,"href":"https:\/\/ventilatsiooniseade.ee\/index.php?rest_route=%2Fwp%2Fv2%2Fproduct_brand&post=1241"},{"taxonomy":"product_cat","embeddable":true,"href":"https:\/\/ventilatsiooniseade.ee\/index.php?rest_route=%2Fwp%2Fv2%2Fproduct_cat&post=1241"},{"taxonomy":"product_tag","embeddable":true,"href":"https:\/\/ventilatsiooniseade.ee\/index.php?rest_route=%2Fwp%2Fv2%2Fproduct_tag&post=1241"}],"curies":[{"name":"wp","href":"https:\/\/api.w.org\/{rel}","templated":true}]}}