{"id":1237,"date":"2026-02-03T12:11:26","date_gmt":"2026-02-03T10:11:26","guid":{"rendered":"http:\/\/ventilatsiooniseade.ee\/?product=vents-150-quiet-extra-t"},"modified":"2026-02-03T16:02:39","modified_gmt":"2026-02-03T14:02:39","slug":"vents-150-quiet-extra-t","status":"publish","type":"product","link":"https:\/\/ventilatsiooniseade.ee\/?product=vents-150-quiet-extra-t","title":{"rendered":"Quiet 150 Extra T  ventilaator"},"content":{"rendered":"<table width=\"366\">\n<tbody>\n<tr>\n<td width=\"134\"><strong>Parameeter<\/strong><\/td>\n<td width=\"124\"><strong>V\u00e4\u00e4rtus<\/strong><\/td>\n<td width=\"108\"><strong>\u00dchik<\/strong><\/td>\n<\/tr>\n<tr>\n<td>Toitepinge<\/td>\n<td width=\"124\">220-240<\/td>\n<td width=\"108\">V<\/td>\n<\/tr>\n<tr>\n<td>Voolusagedus<\/td>\n<td width=\"124\">50\/60<\/td>\n<td width=\"108\">Hz<\/td>\n<\/tr>\n<tr>\n<td>V\u00f5imsustarve<\/td>\n<td width=\"124\">19\u00a0\u00a0\/\u00a0\u00a022<\/td>\n<td width=\"108\">W<\/td>\n<\/tr>\n<tr>\n<td rowspan=\"5\">\u00d5huvoolu tootlikkus<\/td>\n<td width=\"124\">280\u00a0\u00a0\/\u00a0\u00a0370<\/td>\n<td width=\"108\">m\u00b3\/h<\/td>\n<\/tr>\n<tr>\n<td width=\"124\">164,92\u00a0\u00a0\/\u00a0\u00a0217,93<\/td>\n<td width=\"108\">CFM<\/td>\n<\/tr>\n<tr>\n<td width=\"124\">77,84\u00a0\u00a0\/\u00a0\u00a0102,86<\/td>\n<td width=\"108\">l\/s<\/td>\n<\/tr>\n<tr>\n<td width=\"124\">0,07784\u00a0\u00a0\/\u00a0\u00a00,10286<\/td>\n<td width=\"108\">m\u00b3\/s<\/td>\n<\/tr>\n<tr>\n<td width=\"124\">4676\u00a0\u00a0\/\u00a0\u00a06179<\/td>\n<td width=\"108\">l\/m<\/td>\n<\/tr>\n<tr>\n<td>Vooltarve<\/td>\n<td width=\"124\">0.09\u00a0\u00a0\/\u00a0\u00a00.1<\/td>\n<td width=\"108\">A<\/td>\n<\/tr>\n<tr>\n<td>Helisurve 3 m kaugusel<\/td>\n<td width=\"124\">32\u00a0\u00a0\/\u00a0\u00a038<\/td>\n<td width=\"108\">[dBA]<\/td>\n<\/tr>\n<tr>\n<td>Kaal<\/td>\n<td width=\"124\">1,33<\/td>\n<td width=\"108\">kg<\/td>\n<\/tr>\n<tr>\n<td>Kaitseklass<\/td>\n<td width=\"124\">IP 45<\/td>\n<td width=\"108\">klass<\/td>\n<\/tr>\n<tr>\n<td>Toru l\u00e4bim\u00f5\u00f5t<\/td>\n<td width=\"124\">150<\/td>\n<td width=\"108\">mm<\/td>\n<\/tr>\n<tr>\n<td>Mootori t\u00fc\u00fcp<\/td>\n<td width=\"124\">220-240V \/ 50-60Hz<\/td>\n<td><\/td>\n<\/tr>\n<\/tbody>\n<\/table>\n<p>&nbsp;<\/p>\n<p><img loading=\"lazy\" decoding=\"async\" class=\" wp-image-1231\" src=\"https:\/\/ventilatsiooniseade.ee\/wp-content\/uploads\/2017\/01\/Vents_150_Quiet-ja-Quiet-Extra.jpg\" alt=\"Vaikne ja v\u00f5imas vannitoa ventilaator.\" width=\"810\" height=\"757\" srcset=\"https:\/\/ventilatsiooniseade.ee\/wp-content\/uploads\/2017\/01\/Vents_150_Quiet-ja-Quiet-Extra.jpg 1020w, https:\/\/ventilatsiooniseade.ee\/wp-content\/uploads\/2017\/01\/Vents_150_Quiet-ja-Quiet-Extra-470x439.jpg 470w, https:\/\/ventilatsiooniseade.ee\/wp-content\/uploads\/2017\/01\/Vents_150_Quiet-ja-Quiet-Extra-300x280.jpg 300w, https:\/\/ventilatsiooniseade.ee\/wp-content\/uploads\/2017\/01\/Vents_150_Quiet-ja-Quiet-Extra-768x718.jpg 768w, https:\/\/ventilatsiooniseade.ee\/wp-content\/uploads\/2017\/01\/Vents_150_Quiet-ja-Quiet-Extra-80x75.jpg 80w\" sizes=\"auto, (max-width: 810px) 100vw, 810px\" \/><\/p>\n<div class=\"tehimg\"><\/div>\n<p><a href=\"https:\/\/ventilatsiooniseade.ee\/wp-content\/uploads\/2017\/10\/Kuvat\u00f5mmis_22-5-2024_151729_ventilation-system.com_.jpeg\"><img loading=\"lazy\" decoding=\"async\" class=\"alignleft size-large wp-image-5943\" src=\"https:\/\/ventilatsiooniseade.ee\/wp-content\/uploads\/2017\/10\/Kuvat\u00f5mmis_22-5-2024_151729_ventilation-system.com_-1024x467.jpeg\" alt=\"22-5-2024_151729\" width=\"1024\" height=\"467\" srcset=\"https:\/\/ventilatsiooniseade.ee\/wp-content\/uploads\/2017\/10\/Kuvat\u00f5mmis_22-5-2024_151729_ventilation-system.com_-1024x467.jpeg 1024w, https:\/\/ventilatsiooniseade.ee\/wp-content\/uploads\/2017\/10\/Kuvat\u00f5mmis_22-5-2024_151729_ventilation-system.com_-470x215.jpeg 470w, https:\/\/ventilatsiooniseade.ee\/wp-content\/uploads\/2017\/10\/Kuvat\u00f5mmis_22-5-2024_151729_ventilation-system.com_-300x137.jpeg 300w, https:\/\/ventilatsiooniseade.ee\/wp-content\/uploads\/2017\/10\/Kuvat\u00f5mmis_22-5-2024_151729_ventilation-system.com_-768x351.jpeg 768w, https:\/\/ventilatsiooniseade.ee\/wp-content\/uploads\/2017\/10\/Kuvat\u00f5mmis_22-5-2024_151729_ventilation-system.com_-80x37.jpeg 80w, https:\/\/ventilatsiooniseade.ee\/wp-content\/uploads\/2017\/10\/Kuvat\u00f5mmis_22-5-2024_151729_ventilation-system.com_.jpeg 1170w\" sizes=\"auto, (max-width: 1024px) 100vw, 1024px\" \/><\/a><\/p>\n","protected":false},"excerpt":{"rendered":"<p>V\u00f5imas kuid vaikne seinaventilaator 150mm toru l\u00e4bim\u00f5\u00f5duga.<br \/>\nAegrelee, tagasil\u00f6\u00f6giklapp, ekstra v\u00f5imas mootor.<br \/>\n\u00d5hutootlikkus kuni 370 m2\/h.<\/p>\n<p><a href=\"https:\/\/ventilation-system.com\/download\/1922\/\"><span style=\"color: #0000ff;\"><strong>Infoleht<\/strong><\/span><\/a><\/p>\n","protected":false},"featured_media":1218,"comment_status":"closed","ping_status":"closed","template":"","meta":[],"product_brand":[],"product_cat":[11,26],"product_tag":[],"class_list":{"0":"post-1237","1":"product","2":"type-product","3":"status-publish","4":"has-post-thumbnail","6":"product_cat-ventilaatorid","7":"product_cat-telgventilaatorid","9":"first","10":"instock","11":"shipping-taxable","12":"purchasable","13":"product-type-simple"},"_links":{"self":[{"href":"https:\/\/ventilatsiooniseade.ee\/index.php?rest_route=\/wp\/v2\/product\/1237","targetHints":{"allow":["GET"]}}],"collection":[{"href":"https:\/\/ventilatsiooniseade.ee\/index.php?rest_route=\/wp\/v2\/product"}],"about":[{"href":"https:\/\/ventilatsiooniseade.ee\/index.php?rest_route=\/wp\/v2\/types\/product"}],"replies":[{"embeddable":true,"href":"https:\/\/ventilatsiooniseade.ee\/index.php?rest_route=%2Fwp%2Fv2%2Fcomments&post=1237"}],"wp:featuredmedia":[{"embeddable":true,"href":"https:\/\/ventilatsiooniseade.ee\/index.php?rest_route=\/wp\/v2\/media\/1218"}],"wp:attachment":[{"href":"https:\/\/ventilatsiooniseade.ee\/index.php?rest_route=%2Fwp%2Fv2%2Fmedia&parent=1237"}],"wp:term":[{"taxonomy":"product_brand","embeddable":true,"href":"https:\/\/ventilatsiooniseade.ee\/index.php?rest_route=%2Fwp%2Fv2%2Fproduct_brand&post=1237"},{"taxonomy":"product_cat","embeddable":true,"href":"https:\/\/ventilatsiooniseade.ee\/index.php?rest_route=%2Fwp%2Fv2%2Fproduct_cat&post=1237"},{"taxonomy":"product_tag","embeddable":true,"href":"https:\/\/ventilatsiooniseade.ee\/index.php?rest_route=%2Fwp%2Fv2%2Fproduct_tag&post=1237"}],"curies":[{"name":"wp","href":"https:\/\/api.w.org\/{rel}","templated":true}]}}