{"id":1138,"date":"2023-08-25T09:58:56","date_gmt":"2023-08-25T06:58:56","guid":{"rendered":"http:\/\/ventilatsiooniseade.ee\/?post_type=product&#038;p=1138&#038;lang=ru"},"modified":"2025-09-03T13:16:38","modified_gmt":"2025-09-03T10:16:38","slug":"rf-t-sc60-100mm-tuletokkeklapp","status":"publish","type":"product","link":"https:\/\/ventilatsiooniseade.ee\/?product=rf-t-sc60-100mm-tuletokkeklapp","title":{"rendered":"Rf-t SC60+ 100mm"},"content":{"rendered":"<p>\u00dcmar tulet\u00f5kkeklapp CS (V) on m\u00f5eldud kasutamiseks \u00fcmargustes ventilatsioonikanalites, mis l\u00e4bivad tulet\u00f5kke konstruktsiooni elementi ja on m\u00f5eldud tulekahju korral tule t\u00f5kestamiseks. Klappe on saadaval 60 kuni 120 minutilise tulet\u00f5kkega.<\/p>\n<p>\u00dcmaraid tulet\u00f5kke klappe on olemas kahte t\u00fc\u00fcpi:<\/p>\n<ul>\n<li>CS: spetsiaalselt m\u00f5eldud konstruktsiooni elementi l\u00e4biva ventilatsioonikanali sulgemiseks.<\/li>\n<li>CS(V): spetsiaalselt m\u00f5eldud konstruktsiooni elementi l\u00e4biva ventilatsioonikanali sulgemiseks ning lisaks\u00a0varustatud plafooniga, mis on spetsiaalselt m\u00f5eldud ka\u00a0ventilatsioonikanali l\u00f5ppelemendiks.<\/li>\n<\/ul>\n<p>Nimetatud\u00a0tulet\u00f5kkeklapid on varustatud tavaliste sulavlukustus mehhanismiga.<\/p>\n<p>Survekadu on minimaalne. Testitud vastavalt\u00a0EN 1366-2 pideva surve juures 300 Pa.<\/p>\n<p>Rf-t CS tulet\u00f5kkeklappide kiirvaliku graafik:<\/p>\n<p><a href=\"https:\/\/ventilatsiooniseade.ee\/wp-content\/uploads\/2016\/12\/CStulet\u00f5kkeklapi_kiirvalik.jpg\"><img loading=\"lazy\" decoding=\"async\" class=\"size-full wp-image-1147\" src=\"https:\/\/ventilatsiooniseade.ee\/wp-content\/uploads\/2016\/12\/CStulet\u00f5kkeklapi_kiirvalik.jpg\" alt=\"Tulet\u00f5kkeklapi kiirvaliku graafik\" width=\"852\" height=\"928\" srcset=\"https:\/\/ventilatsiooniseade.ee\/wp-content\/uploads\/2016\/12\/CStulet\u00f5kkeklapi_kiirvalik.jpg 852w, https:\/\/ventilatsiooniseade.ee\/wp-content\/uploads\/2016\/12\/CStulet\u00f5kkeklapi_kiirvalik-470x512.jpg 470w, https:\/\/ventilatsiooniseade.ee\/wp-content\/uploads\/2016\/12\/CStulet\u00f5kkeklapi_kiirvalik-275x300.jpg 275w, https:\/\/ventilatsiooniseade.ee\/wp-content\/uploads\/2016\/12\/CStulet\u00f5kkeklapi_kiirvalik-768x837.jpg 768w, https:\/\/ventilatsiooniseade.ee\/wp-content\/uploads\/2016\/12\/CStulet\u00f5kkeklapi_kiirvalik-80x87.jpg 80w\" sizes=\"auto, (max-width: 852px) 100vw, 852px\" \/><\/a><\/p>\n","protected":false},"excerpt":{"rendered":"<p>L\u00fchike 100 mm tulet\u00f5kkeklapp 60 minuti tule t\u00f5kke jaoks sisetingimustes.<\/p>\n<p>Hooldusvaba ja kerge paigaldada.<\/p>\n<p>Kuna tegemist on v\u00e4ga l\u00fchikese klapiga, siis sobib h\u00e4sti kasutamiseks n\u00e4iteks korterelamute renoveerimisel hoone v\u00e4lise torustiku sisenemisel l\u00e4bi v\u00e4lisseina.<\/p>\n","protected":false},"featured_media":1152,"comment_status":"closed","ping_status":"closed","template":"","meta":[],"product_brand":[],"product_cat":[116],"product_tag":[],"class_list":{"0":"post-1138","1":"product","2":"type-product","3":"status-publish","4":"has-post-thumbnail","6":"product_cat-tuletokkeklapid","8":"first","9":"instock","10":"shipping-taxable","11":"purchasable","12":"product-type-simple"},"_links":{"self":[{"href":"https:\/\/ventilatsiooniseade.ee\/index.php?rest_route=\/wp\/v2\/product\/1138","targetHints":{"allow":["GET"]}}],"collection":[{"href":"https:\/\/ventilatsiooniseade.ee\/index.php?rest_route=\/wp\/v2\/product"}],"about":[{"href":"https:\/\/ventilatsiooniseade.ee\/index.php?rest_route=\/wp\/v2\/types\/product"}],"replies":[{"embeddable":true,"href":"https:\/\/ventilatsiooniseade.ee\/index.php?rest_route=%2Fwp%2Fv2%2Fcomments&post=1138"}],"wp:featuredmedia":[{"embeddable":true,"href":"https:\/\/ventilatsiooniseade.ee\/index.php?rest_route=\/wp\/v2\/media\/1152"}],"wp:attachment":[{"href":"https:\/\/ventilatsiooniseade.ee\/index.php?rest_route=%2Fwp%2Fv2%2Fmedia&parent=1138"}],"wp:term":[{"taxonomy":"product_brand","embeddable":true,"href":"https:\/\/ventilatsiooniseade.ee\/index.php?rest_route=%2Fwp%2Fv2%2Fproduct_brand&post=1138"},{"taxonomy":"product_cat","embeddable":true,"href":"https:\/\/ventilatsiooniseade.ee\/index.php?rest_route=%2Fwp%2Fv2%2Fproduct_cat&post=1138"},{"taxonomy":"product_tag","embeddable":true,"href":"https:\/\/ventilatsiooniseade.ee\/index.php?rest_route=%2Fwp%2Fv2%2Fproduct_tag&post=1138"}],"curies":[{"name":"wp","href":"https:\/\/api.w.org\/{rel}","templated":true}]}}