{"id":1130,"date":"2026-02-06T10:20:52","date_gmt":"2026-02-06T08:20:52","guid":{"rendered":"http:\/\/ventilatsiooniseade.ee\/?product=vents-vkm-250-ec"},"modified":"2026-02-06T11:07:51","modified_gmt":"2026-02-06T09:07:51","slug":"vents-vkm-250-ec","status":"publish","type":"product","link":"https:\/\/ventilatsiooniseade.ee\/?product=vents-vkm-250-ec","title":{"rendered":"VKM 250 EC kanaliventilaator"},"content":{"rendered":"<table width=\"440\">\n<tbody>\n<tr>\n<td width=\"268\"><strong>Parameetrid<\/strong><\/td>\n<td width=\"86\"><strong>V\u00e4\u00e4rtus<\/strong><\/td>\n<td width=\"86\"><strong>M\u00f5\u00f5t\u00fchik<\/strong><\/td>\n<\/tr>\n<tr>\n<td>Faaside arv<\/td>\n<td width=\"86\">1<\/td>\n<td width=\"86\">\u02dc<\/td>\n<\/tr>\n<tr>\n<td>Toitepinge<\/td>\n<td width=\"86\">230<\/td>\n<td width=\"86\">V<\/td>\n<\/tr>\n<tr>\n<td>Voolusagedus<\/td>\n<td width=\"86\">50\/60<\/td>\n<td width=\"86\">Hz<\/td>\n<\/tr>\n<tr>\n<td>Voolutarve<\/td>\n<td width=\"86\">0.94<\/td>\n<td width=\"86\">A<\/td>\n<\/tr>\n<tr>\n<td>V\u00f5imsustarve<\/td>\n<td width=\"86\">161<\/td>\n<td width=\"86\">W<\/td>\n<\/tr>\n<tr>\n<td rowspan=\"5\">Maksimaalne \u00f5hu tootlikkus<\/td>\n<td width=\"86\">1275<\/td>\n<td width=\"86\">m\u00b3\/h<\/td>\n<\/tr>\n<tr>\n<td width=\"86\">750,975<\/td>\n<td width=\"86\">CFM<\/td>\n<\/tr>\n<tr>\n<td width=\"86\">354,45<\/td>\n<td width=\"86\">l\/s<\/td>\n<\/tr>\n<tr>\n<td width=\"86\">0,35445<\/td>\n<td width=\"86\">m\u00b3\/s<\/td>\n<\/tr>\n<tr>\n<td width=\"86\">21292,5<\/td>\n<td width=\"86\">l\/m<\/td>\n<\/tr>\n<tr>\n<td>P\u00f6\u00f6rlemiskiirus<\/td>\n<td width=\"86\">2700<\/td>\n<td width=\"86\">min\u00a0-1<\/td>\n<\/tr>\n<tr>\n<td>M\u00fcra 3 meetri kaugusel<\/td>\n<td width=\"86\">46<\/td>\n<td width=\"86\">[dBA]<\/td>\n<\/tr>\n<tr>\n<td>Maksimaalne transporditava \u00f5hu temperatuur<\/td>\n<td width=\"86\">\u00a0-25 +60<\/td>\n<td width=\"86\">\u043eC<\/td>\n<\/tr>\n<tr>\n<td>Kaitseklass<\/td>\n<td width=\"86\">IP X4<\/td>\n<td width=\"86\">klass<\/td>\n<\/tr>\n<tr>\n<td>Kaal<\/td>\n<td width=\"86\">5,1<\/td>\n<td width=\"86\">kg<\/td>\n<\/tr>\n<tr>\n<td>Toru m\u00f5\u00f5t<\/td>\n<td width=\"86\">250<\/td>\n<td width=\"86\">mm<\/td>\n<\/tr>\n<tr>\n<td>\u00a0Elektroonse kommuteerimisega s\u00fcnkroonmootor<\/td>\n<td width=\"86\">jah<\/td>\n<td width=\"86\"><\/td>\n<\/tr>\n<tr>\n<td>Energia klass<\/td>\n<td width=\"86\">&#8211;<\/td>\n<td width=\"86\"><\/td>\n<\/tr>\n<\/tbody>\n<\/table>\n<p><a href=\"https:\/\/ventilatsiooniseade.ee\/wp-content\/uploads\/2016\/12\/Kuvatommis_6-2-2026_11638_ventilation-system.com_.jpeg\"><img loading=\"lazy\" decoding=\"async\" class=\"alignnone size-large wp-image-6539\" src=\"https:\/\/ventilatsiooniseade.ee\/wp-content\/uploads\/2016\/12\/Kuvatommis_6-2-2026_11638_ventilation-system.com_-1024x500.jpeg\" alt=\"\" width=\"1024\" height=\"500\" srcset=\"https:\/\/ventilatsiooniseade.ee\/wp-content\/uploads\/2016\/12\/Kuvatommis_6-2-2026_11638_ventilation-system.com_-1024x500.jpeg 1024w, https:\/\/ventilatsiooniseade.ee\/wp-content\/uploads\/2016\/12\/Kuvatommis_6-2-2026_11638_ventilation-system.com_-300x146.jpeg 300w, https:\/\/ventilatsiooniseade.ee\/wp-content\/uploads\/2016\/12\/Kuvatommis_6-2-2026_11638_ventilation-system.com_-768x375.jpeg 768w, https:\/\/ventilatsiooniseade.ee\/wp-content\/uploads\/2016\/12\/Kuvatommis_6-2-2026_11638_ventilation-system.com_-470x230.jpeg 470w, https:\/\/ventilatsiooniseade.ee\/wp-content\/uploads\/2016\/12\/Kuvatommis_6-2-2026_11638_ventilation-system.com_.jpeg 1026w\" sizes=\"auto, (max-width: 1024px) 100vw, 1024px\" \/><\/a><\/p>\n","protected":false},"excerpt":{"rendered":"<p>Kanali tsentrifugaalventilaator. Maksimaalne v\u00f5imekus\u00a0&#8211; <strong>1275\u00a0m<sup>3<\/sup>\/h.<\/strong><\/p>\n<p>Kasutatake nii <strong>sissepuhke kui v\u00e4ljat\u00f5mbe<\/strong> torustikus.<\/p>\n<p>Seadme koostisosana on kasutatud \u00a0energis\u00e4\u00e4stlikku ja pikema elueaga harjadeta elektroonse kommuteerimisega s\u00fcnkroonmootorit <strong>(EC).<\/strong><\/p>\n<p><a href=\"https:\/\/ventilation-system.com\/download\/vkm-ec-datasheet-1393.pdf\"><span style=\"color: #0000ff;\"><strong>Infoleht<\/strong><\/span><\/a><\/p>\n","protected":false},"featured_media":1131,"comment_status":"closed","ping_status":"closed","template":"","meta":[],"product_brand":[],"product_cat":[11,66],"product_tag":[],"class_list":{"0":"post-1130","1":"product","2":"type-product","3":"status-publish","4":"has-post-thumbnail","6":"product_cat-ventilaatorid","7":"product_cat-tsentrifugaal-ventilaatorid","9":"first","10":"instock","11":"shipping-taxable","12":"purchasable","13":"product-type-simple"},"_links":{"self":[{"href":"https:\/\/ventilatsiooniseade.ee\/index.php?rest_route=\/wp\/v2\/product\/1130","targetHints":{"allow":["GET"]}}],"collection":[{"href":"https:\/\/ventilatsiooniseade.ee\/index.php?rest_route=\/wp\/v2\/product"}],"about":[{"href":"https:\/\/ventilatsiooniseade.ee\/index.php?rest_route=\/wp\/v2\/types\/product"}],"replies":[{"embeddable":true,"href":"https:\/\/ventilatsiooniseade.ee\/index.php?rest_route=%2Fwp%2Fv2%2Fcomments&post=1130"}],"wp:featuredmedia":[{"embeddable":true,"href":"https:\/\/ventilatsiooniseade.ee\/index.php?rest_route=\/wp\/v2\/media\/1131"}],"wp:attachment":[{"href":"https:\/\/ventilatsiooniseade.ee\/index.php?rest_route=%2Fwp%2Fv2%2Fmedia&parent=1130"}],"wp:term":[{"taxonomy":"product_brand","embeddable":true,"href":"https:\/\/ventilatsiooniseade.ee\/index.php?rest_route=%2Fwp%2Fv2%2Fproduct_brand&post=1130"},{"taxonomy":"product_cat","embeddable":true,"href":"https:\/\/ventilatsiooniseade.ee\/index.php?rest_route=%2Fwp%2Fv2%2Fproduct_cat&post=1130"},{"taxonomy":"product_tag","embeddable":true,"href":"https:\/\/ventilatsiooniseade.ee\/index.php?rest_route=%2Fwp%2Fv2%2Fproduct_tag&post=1130"}],"curies":[{"name":"wp","href":"https:\/\/api.w.org\/{rel}","templated":true}]}}