{"id":1120,"date":"2026-02-06T10:11:53","date_gmt":"2026-02-06T08:11:53","guid":{"rendered":"http:\/\/ventilatsiooniseade.ee\/?product=vents-vkm-200-ec"},"modified":"2026-02-06T11:03:21","modified_gmt":"2026-02-06T09:03:21","slug":"vents-vkm-200-ec","status":"publish","type":"product","link":"https:\/\/ventilatsiooniseade.ee\/?product=vents-vkm-200-ec","title":{"rendered":"VKM 200 EC kanaliventilaator"},"content":{"rendered":"<p>* Vastavuses ErP-regulatsiooniga (EC) 327\/2011, v\u00f5imsustarve optimaalse efektiivsuse juures on v\u00e4hem kui 125 W.<\/p>\n<div class=\"tehimg\">\n<table width=\"440\">\n<tbody>\n<tr>\n<td width=\"268\"><strong>Parameetrid<\/strong><\/td>\n<td width=\"86\"><strong>V\u00e4\u00e4rtus<\/strong><\/td>\n<td width=\"86\"><strong>M\u00f5\u00f5t\u00fchik<\/strong><\/td>\n<\/tr>\n<tr>\n<td>Faaside arv<\/td>\n<td width=\"86\">1<\/td>\n<td width=\"86\">\u02dc<\/td>\n<\/tr>\n<tr>\n<td>Toitepinge<\/td>\n<td width=\"86\">230<\/td>\n<td width=\"86\">V<\/td>\n<\/tr>\n<tr>\n<td>Voolusagedus<\/td>\n<td width=\"86\">50\/60<\/td>\n<td width=\"86\">Hz<\/td>\n<\/tr>\n<tr>\n<td>Voolutarve<\/td>\n<td width=\"86\">0.49<\/td>\n<td width=\"86\">A<\/td>\n<\/tr>\n<tr>\n<td>V\u00f5imsustarve<\/td>\n<td width=\"86\">84<\/td>\n<td width=\"86\">W<\/td>\n<\/tr>\n<tr>\n<td rowspan=\"5\">Maksimaalne \u00f5hu tootlikkus<\/td>\n<td width=\"86\">840<\/td>\n<td width=\"86\">m\u00b3\/h<\/td>\n<\/tr>\n<tr>\n<td width=\"86\">494,76<\/td>\n<td width=\"86\">CFM<\/td>\n<\/tr>\n<tr>\n<td width=\"86\">233,52<\/td>\n<td width=\"86\">l\/s<\/td>\n<\/tr>\n<tr>\n<td width=\"86\">0,23352<\/td>\n<td width=\"86\">m\u00b3\/s<\/td>\n<\/tr>\n<tr>\n<td width=\"86\">14028<\/td>\n<td width=\"86\">l\/m<\/td>\n<\/tr>\n<tr>\n<td>P\u00f6\u00f6rlemiskiirus<\/td>\n<td width=\"86\">2490<\/td>\n<td width=\"86\">min\u00a0-1<\/td>\n<\/tr>\n<tr>\n<td>M\u00fcra 3 meetri kaugusel<\/td>\n<td width=\"86\">50<\/td>\n<td width=\"86\">[dBA]<\/td>\n<\/tr>\n<tr>\n<td>Maksimaalne transporditava \u00f5hu temperatuur<\/td>\n<td width=\"86\">\u00a0-25 +60<\/td>\n<td width=\"86\">\u043eC<\/td>\n<\/tr>\n<tr>\n<td>Kaitseklass<\/td>\n<td width=\"86\">IP X4<\/td>\n<td width=\"86\">klass<\/td>\n<\/tr>\n<tr>\n<td>Kaal<\/td>\n<td width=\"86\">5,7<\/td>\n<td width=\"86\">kg<\/td>\n<\/tr>\n<tr>\n<td>Toru m\u00f5\u00f5t<\/td>\n<td width=\"86\">200<\/td>\n<td width=\"86\">mm<\/td>\n<\/tr>\n<tr>\n<td>\u00a0Elektroonse kommuteerimisega s\u00fcnkroonmootor<\/td>\n<td width=\"86\">jah<\/td>\n<td width=\"86\"><\/td>\n<\/tr>\n<tr>\n<td>Energia klass<\/td>\n<td width=\"86\">B<\/td>\n<td width=\"86\"><\/td>\n<\/tr>\n<\/tbody>\n<\/table>\n<p><a href=\"https:\/\/ventilatsiooniseade.ee\/wp-content\/uploads\/2016\/12\/Kuvatommis_6-2-2026_103754_ventilation-system.com_.jpeg\"><img loading=\"lazy\" decoding=\"async\" class=\"alignnone size-full wp-image-6536\" src=\"https:\/\/ventilatsiooniseade.ee\/wp-content\/uploads\/2016\/12\/Kuvatommis_6-2-2026_103754_ventilation-system.com_.jpeg\" alt=\"\" width=\"1011\" height=\"502\" srcset=\"https:\/\/ventilatsiooniseade.ee\/wp-content\/uploads\/2016\/12\/Kuvatommis_6-2-2026_103754_ventilation-system.com_.jpeg 1011w, https:\/\/ventilatsiooniseade.ee\/wp-content\/uploads\/2016\/12\/Kuvatommis_6-2-2026_103754_ventilation-system.com_-300x149.jpeg 300w, https:\/\/ventilatsiooniseade.ee\/wp-content\/uploads\/2016\/12\/Kuvatommis_6-2-2026_103754_ventilation-system.com_-768x381.jpeg 768w, https:\/\/ventilatsiooniseade.ee\/wp-content\/uploads\/2016\/12\/Kuvatommis_6-2-2026_103754_ventilation-system.com_-470x233.jpeg 470w\" sizes=\"auto, (max-width: 1011px) 100vw, 1011px\" \/><\/a><\/p>\n<\/div>\n","protected":false},"excerpt":{"rendered":"<p>Kanali tsentrifugaalventilaator. Maksimaalne v\u00f5imekus\u00a0&#8211; <strong>840\u00a0m<sup>3<\/sup>\/h.<\/strong><\/p>\n<p>Kasutatake nii <strong>sissepuhke kui v\u00e4ljat\u00f5mb<\/strong>e torustikus.<\/p>\n<p>Seadme koostisosana on kasutatud \u00a0energis\u00e4\u00e4stlikku ja pikema elueaga harjadeta\u00a0elektroonse kommuteerimisega s\u00fcnkroonmootorit<strong> (EC).<\/strong><\/p>\n<p><a href=\"https:\/\/ventilation-system.com\/download\/vkm-ec-datasheet-1393.pdf\"><span style=\"color: #0000ff;\"><strong>Infoleht<\/strong><\/span><\/a><\/p>\n<p>&nbsp;<\/p>\n<p>&nbsp;<\/p>\n","protected":false},"featured_media":1128,"comment_status":"closed","ping_status":"closed","template":"","meta":[],"product_brand":[],"product_cat":[11,66],"product_tag":[],"class_list":{"0":"post-1120","1":"product","2":"type-product","3":"status-publish","4":"has-post-thumbnail","6":"product_cat-ventilaatorid","7":"product_cat-tsentrifugaal-ventilaatorid","9":"first","10":"instock","11":"shipping-taxable","12":"purchasable","13":"product-type-simple"},"_links":{"self":[{"href":"https:\/\/ventilatsiooniseade.ee\/index.php?rest_route=\/wp\/v2\/product\/1120","targetHints":{"allow":["GET"]}}],"collection":[{"href":"https:\/\/ventilatsiooniseade.ee\/index.php?rest_route=\/wp\/v2\/product"}],"about":[{"href":"https:\/\/ventilatsiooniseade.ee\/index.php?rest_route=\/wp\/v2\/types\/product"}],"replies":[{"embeddable":true,"href":"https:\/\/ventilatsiooniseade.ee\/index.php?rest_route=%2Fwp%2Fv2%2Fcomments&post=1120"}],"wp:featuredmedia":[{"embeddable":true,"href":"https:\/\/ventilatsiooniseade.ee\/index.php?rest_route=\/wp\/v2\/media\/1128"}],"wp:attachment":[{"href":"https:\/\/ventilatsiooniseade.ee\/index.php?rest_route=%2Fwp%2Fv2%2Fmedia&parent=1120"}],"wp:term":[{"taxonomy":"product_brand","embeddable":true,"href":"https:\/\/ventilatsiooniseade.ee\/index.php?rest_route=%2Fwp%2Fv2%2Fproduct_brand&post=1120"},{"taxonomy":"product_cat","embeddable":true,"href":"https:\/\/ventilatsiooniseade.ee\/index.php?rest_route=%2Fwp%2Fv2%2Fproduct_cat&post=1120"},{"taxonomy":"product_tag","embeddable":true,"href":"https:\/\/ventilatsiooniseade.ee\/index.php?rest_route=%2Fwp%2Fv2%2Fproduct_tag&post=1120"}],"curies":[{"name":"wp","href":"https:\/\/api.w.org\/{rel}","templated":true}]}}