{"id":1115,"date":"2026-02-06T10:00:55","date_gmt":"2026-02-06T08:00:55","guid":{"rendered":"http:\/\/ventilatsiooniseade.ee\/?post_type=product&#038;p=1115"},"modified":"2026-02-06T10:34:57","modified_gmt":"2026-02-06T08:34:57","slug":"vents-vkm-160-ec","status":"publish","type":"product","link":"https:\/\/ventilatsiooniseade.ee\/?product=vents-vkm-160-ec","title":{"rendered":"VKM 160 EC kanaliventilaator"},"content":{"rendered":"<p>* Vastavuses ErP-regulatsiooniga (EC) 327\/2011, v\u00f5imsustarve optimaalse efektiivsuse juures on v\u00e4hem kui 125 W.<\/p>\n<table style=\"height: 1021px;\" width=\"529\">\n<tbody>\n<tr>\n<td width=\"268\"><strong>Parameetrid<\/strong><\/td>\n<td width=\"86\"><strong>V\u00e4\u00e4rtus<\/strong><\/td>\n<td width=\"86\"><strong>M\u00f5\u00f5t\u00fchik<\/strong><\/td>\n<\/tr>\n<tr>\n<td>Faaside arv<\/td>\n<td width=\"86\">1<\/td>\n<td width=\"86\">\u02dc<\/td>\n<\/tr>\n<tr>\n<td>Toitepinge<\/td>\n<td width=\"86\">230<\/td>\n<td width=\"86\">V<\/td>\n<\/tr>\n<tr>\n<td>Voolusagedus<\/td>\n<td width=\"86\">50\/60<\/td>\n<td width=\"86\">Hz<\/td>\n<\/tr>\n<tr>\n<td>Voolutarve<\/td>\n<td width=\"86\">0.58<\/td>\n<td width=\"86\">A<\/td>\n<\/tr>\n<tr>\n<td>V\u00f5imsustarve<\/td>\n<td width=\"86\">80<\/td>\n<td width=\"86\">W<\/td>\n<\/tr>\n<tr>\n<td rowspan=\"5\">Maksimaalne \u00f5hu tootlikkus<\/td>\n<td width=\"86\">660<\/td>\n<td width=\"86\">m\u00b3\/h<\/td>\n<\/tr>\n<tr>\n<td width=\"86\">388,74<\/td>\n<td width=\"86\">CFM<\/td>\n<\/tr>\n<tr>\n<td width=\"86\">183,48<\/td>\n<td width=\"86\">l\/s<\/td>\n<\/tr>\n<tr>\n<td width=\"86\">0,18348<\/td>\n<td width=\"86\">m\u00b3\/s<\/td>\n<\/tr>\n<tr>\n<td width=\"86\">11022<\/td>\n<td width=\"86\">l\/m<\/td>\n<\/tr>\n<tr>\n<td>P\u00f6\u00f6rlemiskiirus<\/td>\n<td width=\"86\">3250<\/td>\n<td width=\"86\">min\u00a0-1<\/td>\n<\/tr>\n<tr>\n<td>M\u00fcra 3 meetri kaugusel<\/td>\n<td width=\"86\">45<\/td>\n<td width=\"86\">[dBA]<\/td>\n<\/tr>\n<tr>\n<td>Maksimaalne transporditava \u00f5hu temperatuur<\/td>\n<td width=\"86\">\u00a0-25 +60<\/td>\n<td width=\"86\">\u043eC<\/td>\n<\/tr>\n<tr>\n<td>Kaitseklass<\/td>\n<td width=\"86\">IP X4<\/td>\n<td width=\"86\">klass<\/td>\n<\/tr>\n<tr>\n<td>Kaal<\/td>\n<td width=\"86\">4,32<\/td>\n<td width=\"86\">kg<\/td>\n<\/tr>\n<tr>\n<td>Toru m\u00f5\u00f5t<\/td>\n<td width=\"86\">160<\/td>\n<td width=\"86\">mm<\/td>\n<\/tr>\n<tr>\n<td>\u00a0Elektroonse kommuteerimisega s\u00fcnkroonmootor<\/td>\n<td width=\"86\">jah<\/td>\n<td width=\"86\"><\/td>\n<\/tr>\n<tr>\n<td>Energia klass<\/td>\n<td width=\"86\">B<\/td>\n<td width=\"86\"><\/td>\n<\/tr>\n<\/tbody>\n<\/table>\n<p><a href=\"https:\/\/ventilatsiooniseade.ee\/wp-content\/uploads\/2016\/12\/Kuvatommis_6-2-2026_10287_ventilation-system.com_.jpeg\"><img loading=\"lazy\" decoding=\"async\" class=\"alignnone size-large wp-image-6533\" src=\"https:\/\/ventilatsiooniseade.ee\/wp-content\/uploads\/2016\/12\/Kuvatommis_6-2-2026_10287_ventilation-system.com_-1024x482.jpeg\" alt=\"\" width=\"1024\" height=\"482\" srcset=\"https:\/\/ventilatsiooniseade.ee\/wp-content\/uploads\/2016\/12\/Kuvatommis_6-2-2026_10287_ventilation-system.com_-1024x482.jpeg 1024w, https:\/\/ventilatsiooniseade.ee\/wp-content\/uploads\/2016\/12\/Kuvatommis_6-2-2026_10287_ventilation-system.com_-300x141.jpeg 300w, https:\/\/ventilatsiooniseade.ee\/wp-content\/uploads\/2016\/12\/Kuvatommis_6-2-2026_10287_ventilation-system.com_-768x361.jpeg 768w, https:\/\/ventilatsiooniseade.ee\/wp-content\/uploads\/2016\/12\/Kuvatommis_6-2-2026_10287_ventilation-system.com_-470x221.jpeg 470w, https:\/\/ventilatsiooniseade.ee\/wp-content\/uploads\/2016\/12\/Kuvatommis_6-2-2026_10287_ventilation-system.com_.jpeg 1046w\" sizes=\"auto, (max-width: 1024px) 100vw, 1024px\" \/><\/a><\/p>\n","protected":false},"excerpt":{"rendered":"<p>Kanali tsentrifugaalventilaator. Maksimaalne v\u00f5imekus\u00a0&#8211; <strong>660 m<sup>3<\/sup>\/h<\/strong>.<\/p>\n<p>Kasutatake nii sissepuhke kui v\u00e4ljat\u00f5mbe torustikus.<\/p>\n<p>Seadme koostisosana on kasutatud energis\u00e4\u00e4stlikku ja pikema elueaga harjadeta elektroonse kommuteerimisega s\u00fcnkroonmootorit <strong>(EC).<\/strong><\/p>\n<p><span style=\"color: #0000ff;\"><a style=\"color: #0000ff;\" href=\"https:\/\/ventilation-system.com\/download\/vkm-ec-datasheet-1393.pdf\"><strong>Infoleht<\/strong><\/a><\/span><\/p>\n<p>&nbsp;<\/p>\n","protected":false},"featured_media":1126,"comment_status":"closed","ping_status":"closed","template":"","meta":[],"product_brand":[],"product_cat":[11,66],"product_tag":[],"class_list":{"0":"post-1115","1":"product","2":"type-product","3":"status-publish","4":"has-post-thumbnail","6":"product_cat-ventilaatorid","7":"product_cat-tsentrifugaal-ventilaatorid","9":"first","10":"instock","11":"shipping-taxable","12":"purchasable","13":"product-type-simple"},"_links":{"self":[{"href":"https:\/\/ventilatsiooniseade.ee\/index.php?rest_route=\/wp\/v2\/product\/1115","targetHints":{"allow":["GET"]}}],"collection":[{"href":"https:\/\/ventilatsiooniseade.ee\/index.php?rest_route=\/wp\/v2\/product"}],"about":[{"href":"https:\/\/ventilatsiooniseade.ee\/index.php?rest_route=\/wp\/v2\/types\/product"}],"replies":[{"embeddable":true,"href":"https:\/\/ventilatsiooniseade.ee\/index.php?rest_route=%2Fwp%2Fv2%2Fcomments&post=1115"}],"wp:featuredmedia":[{"embeddable":true,"href":"https:\/\/ventilatsiooniseade.ee\/index.php?rest_route=\/wp\/v2\/media\/1126"}],"wp:attachment":[{"href":"https:\/\/ventilatsiooniseade.ee\/index.php?rest_route=%2Fwp%2Fv2%2Fmedia&parent=1115"}],"wp:term":[{"taxonomy":"product_brand","embeddable":true,"href":"https:\/\/ventilatsiooniseade.ee\/index.php?rest_route=%2Fwp%2Fv2%2Fproduct_brand&post=1115"},{"taxonomy":"product_cat","embeddable":true,"href":"https:\/\/ventilatsiooniseade.ee\/index.php?rest_route=%2Fwp%2Fv2%2Fproduct_cat&post=1115"},{"taxonomy":"product_tag","embeddable":true,"href":"https:\/\/ventilatsiooniseade.ee\/index.php?rest_route=%2Fwp%2Fv2%2Fproduct_tag&post=1115"}],"curies":[{"name":"wp","href":"https:\/\/api.w.org\/{rel}","templated":true}]}}