{"id":1071,"date":"2016-05-14T09:36:39","date_gmt":"2016-05-14T06:36:39","guid":{"rendered":"http:\/\/ventilatsiooniseade.ee\/?post_type=product&#038;p=1071"},"modified":"2016-05-28T10:38:09","modified_gmt":"2016-05-28T07:38:09","slug":"salda-smarty-3-xp","status":"publish","type":"product","link":"https:\/\/ventilatsiooniseade.ee\/?product=salda-smarty-3-xp","title":{"rendered":"Salda SMARTY 3 XP (Stouch puldiga)"},"content":{"rendered":"<table style=\"height: 554px;\" width=\"443\">\n<tbody>\n<tr>\n<td width=\"93\"><\/td>\n<td width=\"131\"><strong>Parameeter<\/strong><\/td>\n<td width=\"56\"><strong>\u00dchik<\/strong><\/td>\n<td width=\"92\"><strong>V\u00e4\u00e4rtus<\/strong><\/td>\n<\/tr>\n<tr>\n<td width=\"93\">Ventilaatorid<\/td>\n<td width=\"131\">faas\/pinge<\/td>\n<td width=\"56\">[50Hz\/VAC]<\/td>\n<td width=\"92\">1,230<\/td>\n<\/tr>\n<tr>\n<td rowspan=\"2\" width=\"93\">v\u00e4ljat\u00f5mme<\/td>\n<td width=\"131\">v\u00f5imsus\/vool<\/td>\n<td width=\"56\">[kW\/A]<\/td>\n<td width=\"92\">0,084\/0,75<\/td>\n<\/tr>\n<tr>\n<td width=\"131\">kiirus<\/td>\n<td width=\"56\">[min-1]<\/td>\n<td width=\"92\">3200,000<\/td>\n<\/tr>\n<tr>\n<td rowspan=\"2\" width=\"93\">sissepuhe<\/td>\n<td width=\"131\">v\u00f5imsus\/vool<\/td>\n<td width=\"56\">[kW\/A]<\/td>\n<td width=\"92\">0,084\/0,75<\/td>\n<\/tr>\n<tr>\n<td width=\"131\">kiirus<\/td>\n<td width=\"56\">[min-1]<\/td>\n<td width=\"92\">3200<\/td>\n<\/tr>\n<tr>\n<td width=\"93\"><\/td>\n<td width=\"131\">Kaitsekalass<\/td>\n<td width=\"56\">IP<\/td>\n<td width=\"92\">34<\/td>\n<\/tr>\n<tr>\n<td colspan=\"2\" rowspan=\"2\" width=\"224\">Maksimaalne \u00f5hu tootlikkus<\/td>\n<td width=\"56\">m\u00b3\/h<\/td>\n<td width=\"92\">400<\/td>\n<\/tr>\n<tr>\n<td width=\"56\">l\/s<\/td>\n<td width=\"92\">111.11<\/td>\n<\/tr>\n<tr>\n<td colspan=\"2\" width=\"224\">Soojustagastuse m\u00e4\u00e4r kuni<\/td>\n<td width=\"56\"><\/td>\n<td width=\"92\">94%<\/td>\n<\/tr>\n<tr>\n<td colspan=\"2\" width=\"224\">Kogu v\u00f5imsustarve<\/td>\n<td width=\"56\">[kW\/A]<\/td>\n<td width=\"92\">0,168\/1,5<\/td>\n<\/tr>\n<tr>\n<td colspan=\"2\" width=\"224\">Seina isolatsiooni paksus<\/td>\n<td width=\"56\">[mm]<\/td>\n<td width=\"92\">15 &#8211; 30<\/td>\n<\/tr>\n<tr>\n<td colspan=\"2\" width=\"224\">V\u00e4rv<\/td>\n<td width=\"56\">RAL<\/td>\n<td width=\"92\">valge (9016)<\/td>\n<\/tr>\n<tr>\n<td colspan=\"2\" width=\"224\">M\u00f5\u00f5dud (PxLxS)<\/td>\n<td width=\"56\">[mm]<\/td>\n<td width=\"92\">1225 x 685 x 318<\/td>\n<\/tr>\n<tr>\n<td colspan=\"2\" width=\"224\">Kaal (neto, ilma pakendita)<\/td>\n<td width=\"56\">[kg]<\/td>\n<td width=\"92\">53,000<\/td>\n<\/tr>\n<tr>\n<td colspan=\"2\" width=\"224\">Integreeritud automaakaitsel\u00fcliti<\/td>\n<td width=\"56\"><\/td>\n<td width=\"92\">MCB<\/td>\n<\/tr>\n<\/tbody>\n<\/table>\n<p>&nbsp;<\/p>\n<p><strong>Eramu\u00a0ventilatsioonis\u00fcsteemi p\u00f5him\u00f5tteline skeem<\/strong> koos k\u00f5igi v\u00f5imalustega, mida Smarty 3 XP toetab.<\/p>\n<p>&nbsp;<\/p>\n<p><a href=\"https:\/\/ventilatsiooniseade.ee\/wp-content\/uploads\/2016\/05\/p\u00f5him\u00f5tteline_skeem.jpg\"><img loading=\"lazy\" decoding=\"async\" class=\"alignleft size-large wp-image-1081\" src=\"https:\/\/ventilatsiooniseade.ee\/wp-content\/uploads\/2016\/05\/p\u00f5him\u00f5tteline_skeem-1024x885.jpg\" alt=\"Eramu ventilatsioonis\u00fcsteemi\" width=\"1024\" height=\"885\" srcset=\"https:\/\/ventilatsiooniseade.ee\/wp-content\/uploads\/2016\/05\/p\u00f5him\u00f5tteline_skeem-1024x885.jpg 1024w, https:\/\/ventilatsiooniseade.ee\/wp-content\/uploads\/2016\/05\/p\u00f5him\u00f5tteline_skeem-470x406.jpg 470w, https:\/\/ventilatsiooniseade.ee\/wp-content\/uploads\/2016\/05\/p\u00f5him\u00f5tteline_skeem-300x259.jpg 300w, https:\/\/ventilatsiooniseade.ee\/wp-content\/uploads\/2016\/05\/p\u00f5him\u00f5tteline_skeem-80x69.jpg 80w, https:\/\/ventilatsiooniseade.ee\/wp-content\/uploads\/2016\/05\/p\u00f5him\u00f5tteline_skeem.jpg 1685w\" sizes=\"auto, (max-width: 1024px) 100vw, 1024px\" \/><\/a><\/p>\n<table style=\"height: 260px;\" width=\"922\">\n<tbody>\n<tr>\n<td width=\"45\">IV<\/td>\n<td width=\"252\">V\u00e4ljat\u00f5mbe \u00f5hu ventilaator<\/td>\n<td rowspan=\"12\" width=\"21\"><\/td>\n<td width=\"72\">X19<\/td>\n<td width=\"211\">BMS v\u00f5rgu \u00fchenduse koht<\/td>\n<\/tr>\n<tr>\n<td>PV<\/td>\n<td>Sissepuhke \u00f5hu ventilaator<\/td>\n<td>X18<\/td>\n<td>Juhtpuldi \u00fchenduse koht<\/td>\n<\/tr>\n<tr>\n<td>PR<\/td>\n<td>Plaatsoojusvaheti<\/td>\n<td>MBGateway<\/td>\n<td>V\u00f5rgumoodul<\/td>\n<\/tr>\n<tr>\n<td>PF<\/td>\n<td>Sissepuhke \u00f5hu filter (G4\/F7(lisav\u00f5imalus))<\/td>\n<td>Ptouch<\/td>\n<td>Juhtpaneel<\/td>\n<\/tr>\n<tr>\n<td>IF<\/td>\n<td>V\u00e4ljat\u00f5mbe \u00f5hu filter (G4)<\/td>\n<td>Stouch<\/td>\n<td>Juhtpaneel<\/td>\n<\/tr>\n<tr>\n<td>TA<\/td>\n<td>V\u00e4ljat\u00f5mbe \u00f5hu termoandur<\/td>\n<td>M2<\/td>\n<td>Tagasil\u00f6\u00f6giklapp<\/td>\n<\/tr>\n<tr>\n<td>TL<\/td>\n<td>V\u00e4lis\u00f5hu termoandur<\/td>\n<td>M3<\/td>\n<td>V\u00e4ljaviske\u00f5hu tagasil\u00f6\u00f6giklapp<\/td>\n<\/tr>\n<tr>\n<td>TE<\/td>\n<td>V\u00e4ljaviske \u00f5hu termoandur<\/td>\n<td>WSG<\/td>\n<td>V\u00e4lisava katterest<\/td>\n<\/tr>\n<tr>\n<td>PIR<\/td>\n<td>Liikumisandur<\/td>\n<td>EKA NIS<\/td>\n<td>Elektrilien eelk\u00fcte<\/td>\n<\/tr>\n<tr>\n<td>DJ<\/td>\n<td>Suitsuandur<\/td>\n<td>EKA<\/td>\n<td>Elektriline j\u00e4relk\u00fcte<\/td>\n<\/tr>\n<tr>\n<td>TJ<\/td>\n<td>Sissepuhke \u00f5hu termoandur<\/td>\n<td>M1<\/td>\n<td>Soojusvahetist m\u00f6\u00f6dap\u00e4\u00e4su mootor<\/td>\n<\/tr>\n<tr>\n<td>CEE7\/7<\/td>\n<td>Elektertoite juhe pistikuga<\/td>\n<td><\/td>\n<td><\/td>\n<\/tr>\n<\/tbody>\n<\/table>\n<p>&nbsp;<\/p>\n<p><strong>Interneti teel ventilatsiooniseadme \u00a0juhtimise v\u00f5imaluse<\/strong> (moodul ModBus Gateway eraldi tellimisel).<\/p>\n<p><a href=\"https:\/\/ventilatsiooniseade.ee\/wp-content\/uploads\/2016\/05\/Salda-Smarty-3X-P-v\u00f5imalused.jpg\"><img loading=\"lazy\" decoding=\"async\" class=\"alignleft size-large wp-image-1089\" src=\"https:\/\/ventilatsiooniseade.ee\/wp-content\/uploads\/2016\/05\/Salda-Smarty-3X-P-v\u00f5imalused-1024x515.jpg\" alt=\"Kaugjuhtmisega ventilatsioonis\u00fcsteem\" width=\"1024\" height=\"515\" srcset=\"https:\/\/ventilatsiooniseade.ee\/wp-content\/uploads\/2016\/05\/Salda-Smarty-3X-P-v\u00f5imalused-1024x515.jpg 1024w, https:\/\/ventilatsiooniseade.ee\/wp-content\/uploads\/2016\/05\/Salda-Smarty-3X-P-v\u00f5imalused-470x236.jpg 470w, https:\/\/ventilatsiooniseade.ee\/wp-content\/uploads\/2016\/05\/Salda-Smarty-3X-P-v\u00f5imalused-300x151.jpg 300w, https:\/\/ventilatsiooniseade.ee\/wp-content\/uploads\/2016\/05\/Salda-Smarty-3X-P-v\u00f5imalused-80x40.jpg 80w, https:\/\/ventilatsiooniseade.ee\/wp-content\/uploads\/2016\/05\/Salda-Smarty-3X-P-v\u00f5imalused.jpg 1405w\" sizes=\"auto, (max-width: 1024px) 100vw, 1024px\" \/><\/a><\/p>\n","protected":false},"excerpt":{"rendered":"<p>Soojustagastusega ventilatsiooniseade eramule. \u00a0Sertifitseeritud saksa Passiivmaja Instituudi poolt.<\/p>\n<p>Sobib hoonele ruumipindalaga kuni 230\u00a0m2.<\/p>\n<p>\u00d5huhulk kuni 400\u00a0m3\/h.<\/p>\n<p>Soojustagastus kuni 94%.<\/p>\n<p>Vaata -&gt; <span style=\"color: #0000ff;\"><a style=\"color: #0000ff;\" href=\"http:\/\/salda.lt\/en\/products\/item\/smarty-3x-p\" target=\"_blank\">diagramme<\/a><\/span><\/p>\n","protected":false},"featured_media":1095,"comment_status":"closed","ping_status":"closed","template":"","meta":[],"product_brand":[],"product_cat":[41,40],"product_tag":[],"class_list":{"0":"post-1071","1":"product","2":"type-product","3":"status-publish","4":"has-post-thumbnail","6":"product_cat-riputatavad-seadmed","7":"product_cat-porandakinnitusega-seadmed","9":"first","10":"instock","11":"shipping-taxable","12":"purchasable","13":"product-type-simple"},"_links":{"self":[{"href":"https:\/\/ventilatsiooniseade.ee\/index.php?rest_route=\/wp\/v2\/product\/1071","targetHints":{"allow":["GET"]}}],"collection":[{"href":"https:\/\/ventilatsiooniseade.ee\/index.php?rest_route=\/wp\/v2\/product"}],"about":[{"href":"https:\/\/ventilatsiooniseade.ee\/index.php?rest_route=\/wp\/v2\/types\/product"}],"replies":[{"embeddable":true,"href":"https:\/\/ventilatsiooniseade.ee\/index.php?rest_route=%2Fwp%2Fv2%2Fcomments&post=1071"}],"wp:featuredmedia":[{"embeddable":true,"href":"https:\/\/ventilatsiooniseade.ee\/index.php?rest_route=\/wp\/v2\/media\/1095"}],"wp:attachment":[{"href":"https:\/\/ventilatsiooniseade.ee\/index.php?rest_route=%2Fwp%2Fv2%2Fmedia&parent=1071"}],"wp:term":[{"taxonomy":"product_brand","embeddable":true,"href":"https:\/\/ventilatsiooniseade.ee\/index.php?rest_route=%2Fwp%2Fv2%2Fproduct_brand&post=1071"},{"taxonomy":"product_cat","embeddable":true,"href":"https:\/\/ventilatsiooniseade.ee\/index.php?rest_route=%2Fwp%2Fv2%2Fproduct_cat&post=1071"},{"taxonomy":"product_tag","embeddable":true,"href":"https:\/\/ventilatsiooniseade.ee\/index.php?rest_route=%2Fwp%2Fv2%2Fproduct_tag&post=1071"}],"curies":[{"name":"wp","href":"https:\/\/api.w.org\/{rel}","templated":true}]}}