{"id":419,"date":"2015-04-16T17:31:44","date_gmt":"2015-04-16T14:31:44","guid":{"rendered":"http:\/\/ventilatsiooniseade.ee\/?page_id=419"},"modified":"2024-01-19T14:56:17","modified_gmt":"2024-01-19T12:56:17","slug":"ettevottest","status":"publish","type":"page","link":"https:\/\/ventilatsiooniseade.ee\/?page_id=419","title":{"rendered":"Kredex toetus"},"content":{"rendered":"<p><strong>Tere tulemast<\/strong> meie kodulehele, kus saate rohkem teada Kredexi poolt pakutavatest toetustest seoses ventilatsiooniga.<br \/>\nKredex on Eesti Ettev\u00f5tluse Arendamise Sihtasutus, mis pakub mitmeid toetusi kodude korrastamiseks, sealhulgas<br \/>\nka ventilatsioonis\u00fcsteemide uuendamiseks.<\/p>\n<p><a href=\"https:\/\/ventilatsiooniseade.ee\/wp-content\/uploads\/2023\/11\/Airfi-KHH-A.png\"><img loading=\"lazy\" decoding=\"async\" class=\"wp-image-5720 alignright\" src=\"https:\/\/ventilatsiooniseade.ee\/wp-content\/uploads\/2023\/11\/Airfi-KHH-A-1024x1024.png\" alt=\"Airfi\" width=\"454\" height=\"454\" srcset=\"https:\/\/ventilatsiooniseade.ee\/wp-content\/uploads\/2023\/11\/Airfi-KHH-A-1024x1024.png 1024w, https:\/\/ventilatsiooniseade.ee\/wp-content\/uploads\/2023\/11\/Airfi-KHH-A-195x195.png 195w, https:\/\/ventilatsiooniseade.ee\/wp-content\/uploads\/2023\/11\/Airfi-KHH-A-100x100.png 100w, https:\/\/ventilatsiooniseade.ee\/wp-content\/uploads\/2023\/11\/Airfi-KHH-A-470x470.png 470w, https:\/\/ventilatsiooniseade.ee\/wp-content\/uploads\/2023\/11\/Airfi-KHH-A-150x150.png 150w, https:\/\/ventilatsiooniseade.ee\/wp-content\/uploads\/2023\/11\/Airfi-KHH-A-300x300.png 300w, https:\/\/ventilatsiooniseade.ee\/wp-content\/uploads\/2023\/11\/Airfi-KHH-A-768x768.png 768w, https:\/\/ventilatsiooniseade.ee\/wp-content\/uploads\/2023\/11\/Airfi-KHH-A-80x80.png 80w\" sizes=\"auto, (max-width: 454px) 100vw, 454px\" \/><\/a><\/p>\n<p><strong>Miks uuendada ventilatsioonis\u00fcsteemi?<\/strong><\/p>\n<p>Kaasaegne ja t\u00f5hus ventilatsioonis\u00fcsteem tagab tervisliku sise\u00f5hu ning aitab v\u00e4hendada energiakulusid. Kredexi toetuse abil on v\u00f5imalik katta osa ventilatsioonis\u00fcsteemi uuendamise kuludest, muutes teie kodu energias\u00e4\u00e4stlikumaks ja mugavamaks.<\/p>\n<p><strong>Kredexi toetus ventilatsioonile<\/strong><\/p>\n<p>Kredexi pakutav toetus on suunatud kodude renoveerimisele ja energiat\u00f5hususe parandamisele. Ventilatsiooniga seotud toetuse saamiseks tuleb j\u00e4rgida j\u00e4rgmisi samme:<\/p>\n<ol>\n<li><strong>Tutvuge Kredexi n\u00f5uetega:<\/strong> K\u00fclastage <span style=\"text-decoration: underline;\"><em><strong><a href=\"https:\/\/www.kredex.ee\/et\/kodudkorda\" target=\"_new\">Kredexi kodulehte<\/a><\/strong> <\/em><\/span>ja tutvuge ventilatsiooni toetuse saamise tingimustega.<\/li>\n<li><strong>Koguge vajalikud dokumendid:<\/strong> Veenduge, et teil on k\u00f5ik vajalikud dokumendid, mis t\u00f5endavad renoveerimise vajadust ja ventilatsioonis\u00fcsteemi uuendamise plaani.<\/li>\n<li><strong>Esitage taotlus:<\/strong> T\u00e4itke Kredexi taotlusvorm vastavalt nende juhistele ja esitage see koos k\u00f5igi vajalike dokumentidega.<\/li>\n<li><strong>Oodake otsust:<\/strong> Kredex hindab teie taotlust ja teavitab teid toetuse saamise v\u00f5imalusest.<\/li>\n<\/ol>\n<p><strong>Kuidas me saame aidata?<\/strong><\/p>\n<p>Meie meeskond on valmis teid toetama ventilatsioonis\u00fcsteemi uuendamise protsessis. Oleme valmis jagama teiega oma kogemusi, pakkuma professionaalset n\u00f5ustamist ja aitama teil kogu taotlusprotsessiga.<\/p>\n<p>\u00c4rge j\u00e4tke kasutamata v\u00f5imalust parandada oma kodu sise\u00f5hukvaliteeti ning s\u00e4\u00e4sta energiakulusid. Kui teil on k\u00fcsimusi v\u00f5i vajate t\u00e4iendavat teavet, v\u00f5tke meiega \u00fchendust.<\/p>\n<p>Tervisliku ja energias\u00e4\u00e4stliku kodu nimel!<\/p>\n<p>Nortverk O\u00dc<\/p>\n","protected":false},"excerpt":{"rendered":"<p>Tere tulemast meie kodulehele, kus saate rohkem teada Kredexi poolt pakutavatest toetustest seoses ventilatsiooniga. Kredex on Eesti Ettev\u00f5tluse Arendamise Sihtasutus, mis pakub mitmeid toetusi kodude korrastamiseks, sealhulgas ka ventilatsioonis\u00fcsteemide uuendamiseks. Miks uuendada ventilatsioonis\u00fcsteemi? Kaasaegne ja t\u00f5hus ventilatsioonis\u00fcsteem tagab tervisliku sise\u00f5hu ning aitab v\u00e4hendada energiakulusid. Kredexi toetuse abil on v\u00f5imalik katta osa ventilatsioonis\u00fcsteemi uuendamise kuludest, muutes [&hellip;]<\/p>\n","protected":false},"author":2,"featured_media":0,"parent":0,"menu_order":0,"comment_status":"closed","ping_status":"closed","template":"","meta":{"footnotes":""},"class_list":["post-419","page","type-page","status-publish","hentry"],"_links":{"self":[{"href":"https:\/\/ventilatsiooniseade.ee\/index.php?rest_route=\/wp\/v2\/pages\/419","targetHints":{"allow":["GET"]}}],"collection":[{"href":"https:\/\/ventilatsiooniseade.ee\/index.php?rest_route=\/wp\/v2\/pages"}],"about":[{"href":"https:\/\/ventilatsiooniseade.ee\/index.php?rest_route=\/wp\/v2\/types\/page"}],"author":[{"embeddable":true,"href":"https:\/\/ventilatsiooniseade.ee\/index.php?rest_route=\/wp\/v2\/users\/2"}],"replies":[{"embeddable":true,"href":"https:\/\/ventilatsiooniseade.ee\/index.php?rest_route=%2Fwp%2Fv2%2Fcomments&post=419"}],"version-history":[{"count":24,"href":"https:\/\/ventilatsiooniseade.ee\/index.php?rest_route=\/wp\/v2\/pages\/419\/revisions"}],"predecessor-version":[{"id":5784,"href":"https:\/\/ventilatsiooniseade.ee\/index.php?rest_route=\/wp\/v2\/pages\/419\/revisions\/5784"}],"wp:attachment":[{"href":"https:\/\/ventilatsiooniseade.ee\/index.php?rest_route=%2Fwp%2Fv2%2Fmedia&parent=419"}],"curies":[{"name":"wp","href":"https:\/\/api.w.org\/{rel}","templated":true}]}}