{"id":17,"date":"2015-03-31T00:07:19","date_gmt":"2015-03-30T21:07:19","guid":{"rendered":"http:\/\/ventilatsiooniseade.ee\/uus\/?page_id=17"},"modified":"2024-04-17T14:15:33","modified_gmt":"2024-04-17T11:15:33","slug":"avaleht-2","status":"publish","type":"page","link":"https:\/\/ventilatsiooniseade.ee\/?page_id=17","title":{"rendered":"Variotherm k\u00fcte ja jahutus"},"content":{"rendered":"<p><a href=\"https:\/\/www.variotherm.com\/en\/index.html\"><img loading=\"lazy\" decoding=\"async\" class=\"aligncenter size-full wp-image-5769\" src=\"https:\/\/ventilatsiooniseade.ee\/wp-content\/uploads\/2015\/03\/logo-variotherm-lo.jpg\" alt=\"logo-variotherm-lo\" width=\"500\" height=\"64\" srcset=\"https:\/\/ventilatsiooniseade.ee\/wp-content\/uploads\/2015\/03\/logo-variotherm-lo.jpg 500w, https:\/\/ventilatsiooniseade.ee\/wp-content\/uploads\/2015\/03\/logo-variotherm-lo-470x60.jpg 470w, https:\/\/ventilatsiooniseade.ee\/wp-content\/uploads\/2015\/03\/logo-variotherm-lo-300x38.jpg 300w, https:\/\/ventilatsiooniseade.ee\/wp-content\/uploads\/2015\/03\/logo-variotherm-lo-80x10.jpg 80w\" sizes=\"auto, (max-width: 500px) 100vw, 500px\" \/><\/a><\/p>\n<p>&nbsp;<\/p>\n<p><span style=\"color: #ff9900;\"><a style=\"color: #ff9900;\" href=\"https:\/\/www.variotherm.com\/en\/index.html\"><strong>Variotherm<\/strong><\/a><\/span> on spetsialiseerunud uuenduslikele lahendustele k\u00fctte ja jahutuse valdkonnas, keskendudes eriti krohvik\u00fctte- ja -jahutuss\u00fcsteemidele. Tooted on loodud selleks, et tagada optimaalne sisekliima, kus seinad\/laed\/p\u00f5rnadad muutuvad iseenesest soojendavateks v\u00f5i jahutavateks pindadeks. Variothermi s\u00fcsteemide disain v\u00f5imaldab integreerida k\u00fctte- ja jahutustehnoloogiaid harmooniliselt hoone struktuuriga.<\/p>\n<p>&nbsp;<\/p>\n<p><a href=\"https:\/\/ventilatsiooniseade.ee\/wp-content\/uploads\/2015\/03\/csm_Variotherm_Rendering_EWHK_SWHK_1250px_c_variotherm_acf23bdb42.jpg\"><img loading=\"lazy\" decoding=\"async\" class=\"aligncenter size-full wp-image-5745\" src=\"https:\/\/ventilatsiooniseade.ee\/wp-content\/uploads\/2015\/03\/csm_Variotherm_Rendering_EWHK_SWHK_1250px_c_variotherm_acf23bdb42.jpg\" alt=\"csm_Variotherm_Rendering_EWHK_SWHK_1250px_c_variotherm_acf23bdb42\" width=\"800\" height=\"352\" srcset=\"https:\/\/ventilatsiooniseade.ee\/wp-content\/uploads\/2015\/03\/csm_Variotherm_Rendering_EWHK_SWHK_1250px_c_variotherm_acf23bdb42.jpg 800w, https:\/\/ventilatsiooniseade.ee\/wp-content\/uploads\/2015\/03\/csm_Variotherm_Rendering_EWHK_SWHK_1250px_c_variotherm_acf23bdb42-470x207.jpg 470w, https:\/\/ventilatsiooniseade.ee\/wp-content\/uploads\/2015\/03\/csm_Variotherm_Rendering_EWHK_SWHK_1250px_c_variotherm_acf23bdb42-300x132.jpg 300w, https:\/\/ventilatsiooniseade.ee\/wp-content\/uploads\/2015\/03\/csm_Variotherm_Rendering_EWHK_SWHK_1250px_c_variotherm_acf23bdb42-768x338.jpg 768w, https:\/\/ventilatsiooniseade.ee\/wp-content\/uploads\/2015\/03\/csm_Variotherm_Rendering_EWHK_SWHK_1250px_c_variotherm_acf23bdb42-80x35.jpg 80w\" sizes=\"auto, (max-width: 800px) 100vw, 800px\" \/><\/a><\/p>\n<p>&nbsp;<\/p>\n<p>Variothermi tootevalik h\u00f5lmab mitmesuguseid lahendusi, mis sobivad nii <strong>uutele ehitistele<\/strong> kui ka <strong>renoveerimisprojektidele<\/strong>. Variothermi krohvik\u00fctte- ja -jahutuss\u00fcsteemid on mitmek\u00fclgsed ning pakuvad mitmeid eeliseid, sealhulgas<strong> energias\u00e4\u00e4stlikkust<\/strong> ja <strong>optimaalset<\/strong> <strong>mugavust<\/strong> siseruumides. Nende lahendused on suunatud n\u00f5udlikele klientidele, kes otsivad t\u00f5husaid ja kaasaegseid k\u00fctte- ja jahutuss\u00fcsteeme.<\/p>\n<p>&nbsp;<\/p>\n<p style=\"text-align: left;\"><a href=\"https:\/\/www.variotherm.com\/en\/products\/modular-floor-heating.html\"><img loading=\"lazy\" decoding=\"async\" class=\" wp-image-5786 alignleft\" src=\"https:\/\/ventilatsiooniseade.ee\/wp-content\/uploads\/2015\/03\/csm_Fussboeden_heizen_9afdc6f364.jpg\" alt=\"csm_Fussboeden_heizen_9afdc6f364\" width=\"205\" height=\"115\" srcset=\"https:\/\/ventilatsiooniseade.ee\/wp-content\/uploads\/2015\/03\/csm_Fussboeden_heizen_9afdc6f364.jpg 764w, https:\/\/ventilatsiooniseade.ee\/wp-content\/uploads\/2015\/03\/csm_Fussboeden_heizen_9afdc6f364-470x264.jpg 470w, https:\/\/ventilatsiooniseade.ee\/wp-content\/uploads\/2015\/03\/csm_Fussboeden_heizen_9afdc6f364-300x168.jpg 300w, https:\/\/ventilatsiooniseade.ee\/wp-content\/uploads\/2015\/03\/csm_Fussboeden_heizen_9afdc6f364-80x45.jpg 80w\" sizes=\"auto, (max-width: 205px) 100vw, 205px\" \/><\/a><span style=\"color: #dbdb3d;\"><strong><span class=\"jCAhz ChMk0b\"><span class=\"ryNqvb\">\u00bb <a style=\"color: #dbdb3d;\" href=\"https:\/\/www.variotherm.com\/en\/products\/modular-floor-heating.html\">MOODUL P\u00d5RANDAK\u00dcTE<\/a><\/span><\/span> <\/strong><span class=\"jCAhz ChMk0b\"><span class=\"ryNqvb\"><strong>20 mm.<\/strong><\/span><\/span><\/span><a href=\"https:\/\/www.variotherm.com\/en\/products\/modular-floor-heating.html\"><span style=\"color: #d1d145;\"><span class=\"jCAhz ChMk0b\"><span class=\"ryNqvb\"><br \/>\n<\/span><\/span><\/span><\/a><span class=\"jCAhz ChMk0b\"><span class=\"ryNqvb\">Kipsplaadikonstruktsioonis \u00fcli\u00f5huke p\u00f5randak\u00fcte sobib suurep\u00e4raselt nii uusehitistesse kui ka renoveerimiseks.<\/span><\/span> <span class=\"jCAhz ChMk0b\"><span class=\"ryNqvb\">VarioCompi p\u00f5randak\u00fcte on k\u00f5igest 20 mm paksune ning seda saab lihtsalt\u00a0 paigaldada. T\u00e4nu madalale 20 mm ehitusk\u00f5rgusele on k\u00fcttetorud p\u00f5randakatte l\u00e4hedal. See t\u00e4hendab, et p\u00f5rand soojeneb kiiresti.<\/span><\/span><\/p>\n<p style=\"text-align: left;\">\n<div style=\"width: 960px;\" class=\"wp-video\"><video class=\"wp-video-shortcode\" id=\"video-17-1\" width=\"960\" height=\"540\" preload=\"metadata\" controls=\"controls\"><source type=\"video\/mp4\" src=\"https:\/\/ventilatsiooniseade.ee\/wp-content\/uploads\/2015\/03\/variokomp_installation_-_estonian-540p.mp4?_=1\" \/><a href=\"https:\/\/ventilatsiooniseade.ee\/wp-content\/uploads\/2015\/03\/variokomp_installation_-_estonian-540p.mp4\">https:\/\/ventilatsiooniseade.ee\/wp-content\/uploads\/2015\/03\/variokomp_installation_-_estonian-540p.mp4<\/a><\/video><\/div>\n<p>&nbsp;<\/p>\n<p><span style=\"color: #993300;\"><img loading=\"lazy\" decoding=\"async\" class=\" wp-image-5789 alignleft\" src=\"https:\/\/ventilatsiooniseade.ee\/wp-content\/uploads\/2015\/03\/csm_Variotherm_Rendering_FBH_1250px_c_variotherm_b011a0de4f.jpg\" alt=\"csm_Variotherm_Rendering_FBH_1250px_c_variotherm_b011a0de4f\" width=\"204\" height=\"90\" srcset=\"https:\/\/ventilatsiooniseade.ee\/wp-content\/uploads\/2015\/03\/csm_Variotherm_Rendering_FBH_1250px_c_variotherm_b011a0de4f.jpg 800w, https:\/\/ventilatsiooniseade.ee\/wp-content\/uploads\/2015\/03\/csm_Variotherm_Rendering_FBH_1250px_c_variotherm_b011a0de4f-470x207.jpg 470w, https:\/\/ventilatsiooniseade.ee\/wp-content\/uploads\/2015\/03\/csm_Variotherm_Rendering_FBH_1250px_c_variotherm_b011a0de4f-300x132.jpg 300w, https:\/\/ventilatsiooniseade.ee\/wp-content\/uploads\/2015\/03\/csm_Variotherm_Rendering_FBH_1250px_c_variotherm_b011a0de4f-768x338.jpg 768w, https:\/\/ventilatsiooniseade.ee\/wp-content\/uploads\/2015\/03\/csm_Variotherm_Rendering_FBH_1250px_c_variotherm_b011a0de4f-80x35.jpg 80w\" sizes=\"auto, (max-width: 204px) 100vw, 204px\" \/> <a style=\"color: #993300;\" href=\"https:\/\/www.variotherm.com\/en\/products\/screed-floor-heating.html\"><strong><span class=\"jCAhz ChMk0b\"><span class=\"ryNqvb\">\u00bb <\/span><\/span><\/strong><strong>VALATAV P\u00d5RANDAK\u00dcT<\/strong><\/a><strong><span style=\"color: #993300;\">E <\/span><br \/>\n<\/strong><\/span>P\u00f5randak\u00fcte toob teie koju hubase temperatuuri ning soojendab mugavalt koridorid, k\u00f6\u00f6gid, vannitoad, tualetid, elutoad ja sisebasseinid. <span class=\"jCAhz ChMk0b\"><span class=\"ryNqvb\">P\u00f5randakatteks sobib, mis iganes sulle meeldib, olgu selleks kivi, laminaat ja mitmekihiline parkett, keraamilised plaadid, linoleum v\u00f5i vaip.<\/span><\/span><\/p>\n<p>&nbsp;<\/p>\n<p><a href=\"https:\/\/www.variotherm.com\/en\/products\/plaster-wall-heatingcooling.html\"><img loading=\"lazy\" decoding=\"async\" class=\" wp-image-5791 alignleft\" src=\"https:\/\/ventilatsiooniseade.ee\/wp-content\/uploads\/2015\/03\/csm_Variotherm_Rendering_EWHK_SWHK_1250px_c_variotherm_acf23bdb42-1.jpg\" alt=\"csm_Variotherm_Rendering_EWHK_SWHK_1250px_c_variotherm_acf23bdb42 (1)\" width=\"209\" height=\"92\" srcset=\"https:\/\/ventilatsiooniseade.ee\/wp-content\/uploads\/2015\/03\/csm_Variotherm_Rendering_EWHK_SWHK_1250px_c_variotherm_acf23bdb42-1.jpg 800w, https:\/\/ventilatsiooniseade.ee\/wp-content\/uploads\/2015\/03\/csm_Variotherm_Rendering_EWHK_SWHK_1250px_c_variotherm_acf23bdb42-1-470x207.jpg 470w, https:\/\/ventilatsiooniseade.ee\/wp-content\/uploads\/2015\/03\/csm_Variotherm_Rendering_EWHK_SWHK_1250px_c_variotherm_acf23bdb42-1-300x132.jpg 300w, https:\/\/ventilatsiooniseade.ee\/wp-content\/uploads\/2015\/03\/csm_Variotherm_Rendering_EWHK_SWHK_1250px_c_variotherm_acf23bdb42-1-768x338.jpg 768w, https:\/\/ventilatsiooniseade.ee\/wp-content\/uploads\/2015\/03\/csm_Variotherm_Rendering_EWHK_SWHK_1250px_c_variotherm_acf23bdb42-1-80x35.jpg 80w\" sizes=\"auto, (max-width: 209px) 100vw, 209px\" \/><\/a><strong><a href=\"https:\/\/www.variotherm.com\/en\/products\/plaster-wall-heatingcooling.html\"><span style=\"color: #800080;\"><span class=\"jCAhz ChMk0b\"><span class=\"ryNqvb\">\u00bb <\/span><\/span>KROHVITAV SEINA K\u00dcTE\/JAHUTUS <\/span><\/a><br \/>\n<\/strong><span class=\"jCAhz ChMk0b\"><span class=\"ryNqvb\">Vett kandvad torud on seina sisse peidetud ja hoiavad toa m\u00f5nusalt soojas.<\/span><\/span> <span class=\"jCAhz ChMk0b\"><span class=\"ryNqvb\">Erinevalt konvektsioonk\u00fcttes\u00fcsteemidest soojendab kiirgussoojust kasutav seinak\u00fcte ruumi mugava temperatuurini ilma tuulet\u00f5mbust tekitamata.<\/span><\/span> <span class=\"jCAhz ChMk0b\"><span class=\"ryNqvb\">Ja kui suvel l\u00e4hevad ruumid liiga kuumaks, muutub seinak\u00fcte jahutuss\u00fcsteemiks.<\/span><\/span><\/p>\n<p>&nbsp;<\/p>\n<p><a href=\"https:\/\/www.variotherm.com\/en\/products\/modular-wall-heatingcooling.html\"><img loading=\"lazy\" decoding=\"async\" class=\" wp-image-5793 alignleft\" src=\"https:\/\/ventilatsiooniseade.ee\/wp-content\/uploads\/2015\/03\/csm_Rendering_MWHK_1250px_c_variotherm_537cc3043b.jpg\" alt=\"csm_Rendering_MWHK_1250px_c_variotherm_537cc3043b\" width=\"210\" height=\"92\" srcset=\"https:\/\/ventilatsiooniseade.ee\/wp-content\/uploads\/2015\/03\/csm_Rendering_MWHK_1250px_c_variotherm_537cc3043b.jpg 800w, https:\/\/ventilatsiooniseade.ee\/wp-content\/uploads\/2015\/03\/csm_Rendering_MWHK_1250px_c_variotherm_537cc3043b-470x207.jpg 470w, https:\/\/ventilatsiooniseade.ee\/wp-content\/uploads\/2015\/03\/csm_Rendering_MWHK_1250px_c_variotherm_537cc3043b-300x132.jpg 300w, https:\/\/ventilatsiooniseade.ee\/wp-content\/uploads\/2015\/03\/csm_Rendering_MWHK_1250px_c_variotherm_537cc3043b-768x338.jpg 768w, https:\/\/ventilatsiooniseade.ee\/wp-content\/uploads\/2015\/03\/csm_Rendering_MWHK_1250px_c_variotherm_537cc3043b-80x35.jpg 80w\" sizes=\"auto, (max-width: 210px) 100vw, 210px\" \/><\/a><span style=\"color: #ff0000;\"> <a style=\"color: #ff0000;\" href=\"https:\/\/www.variotherm.com\/en\/products\/modular-wall-heatingcooling.html\"><strong><span class=\"jCAhz ChMk0b\"><span class=\"ryNqvb\">\u00bb <\/span><\/span>MOODUL SEINA K\u00dcTE\/JAHUTU<\/strong><strong>S <\/strong><\/a><\/span><br \/>\n<span class=\"jCAhz ChMk0b\"><span class=\"ryNqvb\">Moodul seina k\u00fcte\/jahutus on kipsplaadi ehituss\u00fcsteem, millel on lai valik erinevaid paneeliformaate.<\/span><\/span> <span class=\"jCAhz ChMk0b\"><span class=\"ryNqvb\">S\u00fcsteem on paindlik ja seda saab paigaldada igale seina- v\u00f5i katusekaldele.<\/span><\/span> <span class=\"jCAhz ChMk0b\"><span class=\"ryNqvb\">Vaid 18 mm paksuse paneeliga ModuleWall s\u00e4\u00e4stab palju ruumi.<\/span><\/span> <span class=\"jCAhz ChMk0b\"><span class=\"ryNqvb\">N\u00fc\u00fcd ei takista miski p\u00f6\u00f6ningukorruse pikendamist.<\/span><\/span> <span class=\"jCAhz ChMk0b\"><span class=\"ryNqvb\">Suvisel ajal pole probleemiks ka ruumide \u00fclekuumenemine, sest ka viilkatused suudavad neid sama s\u00fcsteemi abil maha jahutada.<\/span><\/span><\/p>\n<p>&nbsp;<\/p>\n<div style=\"width: 960px;\" class=\"wp-video\"><video class=\"wp-video-shortcode\" id=\"video-17-2\" width=\"960\" height=\"540\" preload=\"metadata\" controls=\"controls\"><source type=\"video\/mp4\" src=\"https:\/\/ventilatsiooniseade.ee\/wp-content\/uploads\/2015\/03\/installation_video_-_modularwall-540p.mp4?_=2\" \/><a href=\"https:\/\/ventilatsiooniseade.ee\/wp-content\/uploads\/2015\/03\/installation_video_-_modularwall-540p.mp4\">https:\/\/ventilatsiooniseade.ee\/wp-content\/uploads\/2015\/03\/installation_video_-_modularwall-540p.mp4<\/a><\/video><\/div>\n<p>&nbsp;<\/p>\n<p><img loading=\"lazy\" decoding=\"async\" class=\" wp-image-5795 alignleft\" src=\"https:\/\/ventilatsiooniseade.ee\/wp-content\/uploads\/2015\/03\/csm_Rendering_MDKH_1250px_c_variotherm_4bda8a32d1.jpg\" alt=\"csm_Rendering_MDKH_1250px_c_variotherm_4bda8a32d1\" width=\"213\" height=\"94\" srcset=\"https:\/\/ventilatsiooniseade.ee\/wp-content\/uploads\/2015\/03\/csm_Rendering_MDKH_1250px_c_variotherm_4bda8a32d1.jpg 800w, https:\/\/ventilatsiooniseade.ee\/wp-content\/uploads\/2015\/03\/csm_Rendering_MDKH_1250px_c_variotherm_4bda8a32d1-470x207.jpg 470w, https:\/\/ventilatsiooniseade.ee\/wp-content\/uploads\/2015\/03\/csm_Rendering_MDKH_1250px_c_variotherm_4bda8a32d1-300x132.jpg 300w, https:\/\/ventilatsiooniseade.ee\/wp-content\/uploads\/2015\/03\/csm_Rendering_MDKH_1250px_c_variotherm_4bda8a32d1-768x338.jpg 768w, https:\/\/ventilatsiooniseade.ee\/wp-content\/uploads\/2015\/03\/csm_Rendering_MDKH_1250px_c_variotherm_4bda8a32d1-80x35.jpg 80w\" sizes=\"auto, (max-width: 213px) 100vw, 213px\" \/><span style=\"color: #0000ff;\"> <a style=\"color: #0000ff;\" href=\"https:\/\/www.variotherm.com\/en\/products\/modular-ceiling-coolingheating.html\"><strong><span class=\"jCAhz ChMk0b\"><span class=\"ryNqvb\">\u00bb <\/span><\/span>MOODUL LAE K\u00dcTE\/JAHUTUS<\/strong><\/a><\/span><strong><br \/>\n<\/strong><span class=\"jCAhz ChMk0b\"><span class=\"ryNqvb\">Lae jahutus aitab kuumadel p\u00e4evadel ruumi jahedana hoida.<\/span><\/span> <span class=\"jCAhz ChMk0b\"><span class=\"ryNqvb\">See on tervislik alternatiiv tavalistele kliimaseadmetele ja seda saab ka tagantj\u00e4rele paigaldada: kontorites, koosolekuruumides, m\u00bbajades ja korterites.<\/span><\/span> <span class=\"jCAhz ChMk0b\"><span class=\"ryNqvb\">Kogu lagi kasutatakse jahutamiseks, luues \u00fchtlase toatemperatuuri. <\/span><\/span><span class=\"jCAhz ChMk0b\"><span class=\"ryNqvb\">ModuleCeilingi pinnale saab paigaldada ka helisummutava akustilise funktsiooni. Ja mis k\u00f5ige parem: talvel soojendab ModuleCeiling teie toa mugava ja hubase temperatuurini. \u00dcks s\u00fcsteem, neli funktsiooni: jahutus + k\u00fcte + m\u00fcrasummutus + t\u00e4ielik lagi.<\/span><\/span><\/p>\n<p>&nbsp;<\/p>\n<div style=\"width: 960px;\" class=\"wp-video\"><video class=\"wp-video-shortcode\" id=\"video-17-3\" width=\"960\" height=\"540\" preload=\"metadata\" controls=\"controls\"><source type=\"video\/mp4\" src=\"https:\/\/ventilatsiooniseade.ee\/wp-content\/uploads\/2015\/03\/modularceiling_installation_video_-_estonian-540p.mp4?_=3\" \/><a href=\"https:\/\/ventilatsiooniseade.ee\/wp-content\/uploads\/2015\/03\/modularceiling_installation_video_-_estonian-540p.mp4\">https:\/\/ventilatsiooniseade.ee\/wp-content\/uploads\/2015\/03\/modularceiling_installation_video_-_estonian-540p.mp4<\/a><\/video><\/div>\n<p>&nbsp;<\/p>\n<p>Variothermi krohvik\u00fctte- ja -jahutuss\u00fcsteemide puhul on oluline esile tuua <strong>mitmek\u00fclgsus<\/strong>, kuna need on loodud kohanduma erinevatele ehitistele. Nende s\u00fcsteemid v\u00f5imaldavad integreerida k\u00fctte- ja jahutustehnoloogiaid mitmesugustesse hoone elementidesse, sealhulgas <strong>lae, seina ja p\u00f5randa<\/strong> lahendustesse. See t\u00e4hendab, et klientidel on v\u00f5imalus valida s\u00fcsteeme vastavalt nende eelistatud paigutusele, luues sellega <strong>optimaalse sisekliima igas ruumis<\/strong>.<\/p>\n<p>&nbsp;<\/p>\n<p>&nbsp;<\/p>\n<p style=\"text-align: right;\">Variothermi <span style=\"color: #ff9900;\"><strong><a style=\"color: #ff9900;\" href=\"https:\/\/www.variotherm.com\/en\/index.html\">veebileht<\/a><\/strong><\/span> pakub \u00fcksikasjalikku \u00fclevaadet nende toodetest ja tehnoloogiatest.<\/p>\n<p style=\"text-align: right;\">Aitame leida sobivad lahendused vastavalt Teie vajadustele!<\/p>\n<p style=\"text-align: right;\">Tel: 53087305<br \/>\nE-mail: info@nortverk.ee<\/p>\n<p>&nbsp;<\/p>\n","protected":false},"excerpt":{"rendered":"<p>&nbsp; Variotherm on spetsialiseerunud uuenduslikele lahendustele k\u00fctte ja jahutuse valdkonnas, keskendudes eriti krohvik\u00fctte- ja -jahutuss\u00fcsteemidele. Tooted on loodud selleks, et tagada optimaalne sisekliima, kus seinad\/laed\/p\u00f5rnadad muutuvad iseenesest soojendavateks v\u00f5i jahutavateks pindadeks. Variothermi s\u00fcsteemide disain v\u00f5imaldab integreerida k\u00fctte- ja jahutustehnoloogiaid harmooniliselt hoone struktuuriga. &nbsp; &nbsp; Variothermi tootevalik h\u00f5lmab mitmesuguseid lahendusi, mis sobivad nii uutele ehitistele kui [&hellip;]<\/p>\n","protected":false},"author":2,"featured_media":0,"parent":0,"menu_order":0,"comment_status":"open","ping_status":"open","template":"","meta":{"footnotes":""},"class_list":["post-17","page","type-page","status-publish","hentry"],"_links":{"self":[{"href":"https:\/\/ventilatsiooniseade.ee\/index.php?rest_route=\/wp\/v2\/pages\/17","targetHints":{"allow":["GET"]}}],"collection":[{"href":"https:\/\/ventilatsiooniseade.ee\/index.php?rest_route=\/wp\/v2\/pages"}],"about":[{"href":"https:\/\/ventilatsiooniseade.ee\/index.php?rest_route=\/wp\/v2\/types\/page"}],"author":[{"embeddable":true,"href":"https:\/\/ventilatsiooniseade.ee\/index.php?rest_route=\/wp\/v2\/users\/2"}],"replies":[{"embeddable":true,"href":"https:\/\/ventilatsiooniseade.ee\/index.php?rest_route=%2Fwp%2Fv2%2Fcomments&post=17"}],"version-history":[{"count":77,"href":"https:\/\/ventilatsiooniseade.ee\/index.php?rest_route=\/wp\/v2\/pages\/17\/revisions"}],"predecessor-version":[{"id":5788,"href":"https:\/\/ventilatsiooniseade.ee\/index.php?rest_route=\/wp\/v2\/pages\/17\/revisions\/5788"}],"wp:attachment":[{"href":"https:\/\/ventilatsiooniseade.ee\/index.php?rest_route=%2Fwp%2Fv2%2Fmedia&parent=17"}],"curies":[{"name":"wp","href":"https:\/\/api.w.org\/{rel}","templated":true}]}}